{"id":11,"date":"2020-01-23T15:36:15","date_gmt":"2020-01-23T14:36:15","guid":{"rendered":"http:\/\/phigall.be\/?page_id=11"},"modified":"2020-08-24T09:47:53","modified_gmt":"2020-08-24T07:47:53","slug":"accueil","status":"publish","type":"page","link":"https:\/\/phigall.be\/","title":{"rendered":""},"content":{"rendered":"\n<h2>PhiGall<\/h2>\n\n\n\n<pre class=\"wp-block-preformatted\">Artiste multidisciplinaire, \nPhilom\u00e8ne Gallez, alias PhiGall, \nallie \u00e9criture, arts textiles et danse.<\/pre>\n\n\n\n<pre class=\"wp-block-preformatted\">Raconter une histoire. Des histoires.\nDe notre propre histoire \u00e0 l'histoire partag\u00e9e.\nCelles des faits. Celles de ce qu'on en dit.\nPorter un regard critique.\nLire. Entendre. Discuter. \nPartager. Transmettre.\n\nLa danse comme un langage,&nbsp;\nUn moyen de communication,&nbsp;\nUne courroie de transmission,&nbsp;\nUn vecteur d\u2019\u00e9motions\u2026&nbsp;\nPour se conna\u00eetre soi \net dire au monde ce que nous sommes.\n\nSans mesure ni patron.\nTravailler le textile comme de la glaise.\nPrendre le tissu, le couper, le tordre, le tendre.\nPrendre les mailles \u00e0 pleine mains.\nEn faire une oeuvre d'art.<\/pre>\n\n\n\n<p><\/p>\n\n\n\n<div class=\"wp-block-image\"><figure class=\"aligncenter size-large is-resized\"><img loading=\"lazy\" src=\"http:\/\/phigall.be\/wp-content\/uploads\/2020\/02\/P7020716-1024x768.jpg\" alt=\"\" class=\"wp-image-139\" width=\"301\" height=\"226\" srcset=\"https:\/\/phigall.be\/wp-content\/uploads\/2020\/02\/P7020716-1024x768.jpg 1024w, https:\/\/phigall.be\/wp-content\/uploads\/2020\/02\/P7020716-300x225.jpg 300w, https:\/\/phigall.be\/wp-content\/uploads\/2020\/02\/P7020716-768x576.jpg 768w, https:\/\/phigall.be\/wp-content\/uploads\/2020\/02\/P7020716-1536x1152.jpg 1536w, https:\/\/phigall.be\/wp-content\/uploads\/2020\/02\/P7020716-2048x1536.jpg 2048w\" sizes=\"(max-width: 301px) 100vw, 301px\" \/><\/figure><\/div>\n\n\n\n<pre class=\"wp-block-preformatted\">Des projets? Des souhaits? <a href=\"http:\/\/phigall.be\/index.php\/contact\/\">Contactez-moi!<\/a><\/pre>\n\n\n\n<p><\/p>\n","protected":false},"excerpt":{"rendered":"<p>PhiGall Artiste multidisciplinaire, Philom\u00e8ne Gallez, alias PhiGall, allie \u00e9criture, arts textiles et danse. Raconter une histoire. Des histoires. De notre propre histoire \u00e0 l&#8217;histoire partag\u00e9e. Celles des faits. Celles de ce qu&#8217;on en dit. Porter un regard critique. Lire. Entendre. Discuter. Partager. Transmettre. La danse comme un langage,&nbsp; Un moyen de communication,&nbsp; Une courroie de [&hellip;]<\/p>\n","protected":false},"author":1,"featured_media":0,"parent":0,"menu_order":0,"comment_status":"closed","ping_status":"closed","template":"","meta":{"hide_page_title":""},"_links":{"self":[{"href":"https:\/\/phigall.be\/index.php\/wp-json\/wp\/v2\/pages\/11"}],"collection":[{"href":"https:\/\/phigall.be\/index.php\/wp-json\/wp\/v2\/pages"}],"about":[{"href":"https:\/\/phigall.be\/index.php\/wp-json\/wp\/v2\/types\/page"}],"author":[{"embeddable":true,"href":"https:\/\/phigall.be\/index.php\/wp-json\/wp\/v2\/users\/1"}],"replies":[{"embeddable":true,"href":"https:\/\/phigall.be\/index.php\/wp-json\/wp\/v2\/comments?post=11"}],"version-history":[{"count":27,"href":"https:\/\/phigall.be\/index.php\/wp-json\/wp\/v2\/pages\/11\/revisions"}],"predecessor-version":[{"id":237,"href":"https:\/\/phigall.be\/index.php\/wp-json\/wp\/v2\/pages\/11\/revisions\/237"}],"wp:attachment":[{"href":"https:\/\/phigall.be\/index.php\/wp-json\/wp\/v2\/media?parent=11"}],"curies":[{"name":"wp","href":"https:\/\/api.w.org\/{rel}","templated":true}]}}