{"id":334,"date":"2022-08-11T10:09:17","date_gmt":"2022-08-11T08:09:17","guid":{"rendered":"http:\/\/phigall.be\/?page_id=334"},"modified":"2022-10-10T12:04:45","modified_gmt":"2022-10-10T10:04:45","slug":"la-permanence-de-lephemere","status":"publish","type":"page","link":"https:\/\/phigall.be\/index.php\/la-permanence-de-lephemere\/","title":{"rendered":"La permanence de l&#8217;\u00e9ph\u00e9m\u00e8re (2022)"},"content":{"rendered":"\n<figure class=\"wp-block-image size-large\"><img loading=\"lazy\" width=\"1024\" height=\"388\" src=\"http:\/\/phigall.be\/wp-content\/uploads\/2022\/10\/304848642_10158763939801954_4646782548204395769_n-1024x388.jpg\" alt=\"\" class=\"wp-image-354\" srcset=\"https:\/\/phigall.be\/wp-content\/uploads\/2022\/10\/304848642_10158763939801954_4646782548204395769_n-1024x388.jpg 1024w, https:\/\/phigall.be\/wp-content\/uploads\/2022\/10\/304848642_10158763939801954_4646782548204395769_n-300x114.jpg 300w, https:\/\/phigall.be\/wp-content\/uploads\/2022\/10\/304848642_10158763939801954_4646782548204395769_n-768x291.jpg 768w, https:\/\/phigall.be\/wp-content\/uploads\/2022\/10\/304848642_10158763939801954_4646782548204395769_n-1536x581.jpg 1536w, https:\/\/phigall.be\/wp-content\/uploads\/2022\/10\/304848642_10158763939801954_4646782548204395769_n.jpg 1886w\" sizes=\"(max-width: 1024px) 100vw, 1024px\" \/><\/figure>\n\n\n\n<p>Cette ann\u00e9e, les artistes qui exposent \u00e0 la&nbsp;<strong>ferme Allard<\/strong>, ancienne brasserie de Brunehaut, font le choix collectif d\u2019int\u00e9grer l\u2019ici et maintenant \u00e0 leur r\u00e9flexion cr\u00e9ative.<\/p>\n\n\n\n<p>\u200b<\/p>\n\n\n\n<p>En effet, c\u2019est au cours de&nbsp;<strong>r\u00e9sidences d\u2019artistes<\/strong>&nbsp;sur le site m\u00eame, qu\u2019ils ont cr\u00e9\u00e9 les \u0153uvres que vous pouvez voir pour leur exposition commune&nbsp;<strong>dans le cadre d\u2019Art dans la Ville<\/strong>. Au-del\u00e0 des personnalit\u00e9s individuelles, des sensibilit\u00e9s, quelque chose de plus se joue dans l\u2019\u00e9change, dans la rencontre, dans ces instants fragiles et suspendus qui constituent le c\u0153ur de ce que nous sommes.<\/p>\n\n\n\n<p>\u200b<\/p>\n\n\n\n<p>Des installations se r\u00e9pondent, se m\u00e9langent, \u00e0 travers diff\u00e9rentes techniques, diff\u00e9rentes personnalit\u00e9s, diff\u00e9rentes sensibilit\u00e9s. Ces \u0153uvres en argile, briques, mosa\u00efque, tissage, art num\u00e9rique, dessins, jeux d\u2019\u00e9criture, photographies, instantan\u00e9s, jouent de m\u00e9tamorphoses pour interroger ce qui, en nous et en-dehors de nous, demeure quand tout change, quand&nbsp;<strong>tout est \u00e9ph\u00e9m\u00e8re<\/strong>.<\/p>\n\n\n\n<p>\u200b<\/p>\n\n\n\n<p>Comme toujours,\u00a0<strong>l\u2019ambiance de la ferme est \u00e0 la f\u00eate<\/strong>\u00a0! Workshops, performances, ateliers, concerts, th\u00e9\u00e2tre, th\u00e9\u00e2tre clownesque, po\u00e9sie, court-m\u00e9trage et accueil chaleureux vous attendent \u00e0 la\u00a0<strong>ferme Allard \u00e0 Guignies\u00a0<\/strong>!<\/p>\n\n\n\n<p><\/p>\n\n\n\n<p>Artistes: <\/p>\n\n\n\n<p>S\u00e9gol\u00e8ne Denis, Melvine Deveug\u00e8le, Barbara Dits, C\u00e9cile Dubois, Philom\u00e8ne Gallez, Sandra Gonzalez, Arnaud Henry de Frahan, Marianne Nolard, Radu Rata, Johanna Santamaria, Marion Trentesaux, Delphine Vanpoperinghe-Logi\u00e9 et Claire Veys.<\/p>\n\n\n\n<p>\u200b<\/p>\n\n\n\n<p><strong>\u200b<\/strong><\/p>\n\n\n\n<p><strong>CATALOGUE ART DANS LA VILLE 2022 N\u00b0 42 :&nbsp;<a href=\"https:\/\/artville.tournai.be\/\" target=\"_blank\" rel=\"noreferrer noopener\">https:\/\/artville.tournai.be\/<\/a><\/strong><\/p>\n\n\n\n<p>\u200bSITE WEB DE l&#8217;EXPOSITION: <a href=\"https:\/\/rencartaguignies.wixsite.com\/rencartaguignies\">https:\/\/rencartaguignies.wixsite.com\/rencartaguignies<\/a> <\/p>\n\n\n\n<p>\u200b<\/p>\n\n\n\n<p><strong>FERME ALLARD<\/strong><\/p>\n\n\n\n<p><strong>EXPO du 01\/10\/22 &nbsp;&gt; 30\/10\/22<br>Sam. et Dim. &nbsp;14h &gt; 18h (en semaine : sur RDV)<\/strong><\/p>\n\n\n\n<p><strong>Rue de la Brasserie, 30 &#8211; 7620 Guignies<\/strong><\/p>\n\n\n\n<p><strong>Contact : &nbsp;<a href=\"mailto:marion.trentesaux@hotmail.com\">marion.trentesaux@hotmail.com<\/a>&nbsp;&#8211; 0472\/866.848<\/strong><\/p>\n\n\n\n<figure class=\"wp-block-gallery columns-3 is-cropped\"><ul class=\"blocks-gallery-grid\"><li class=\"blocks-gallery-item\"><figure><img loading=\"lazy\" width=\"768\" height=\"1024\" src=\"http:\/\/phigall.be\/wp-content\/uploads\/2022\/10\/uq4EHgR82i2GvnOi4r9A-768x1024.jpg\" alt=\"\" data-id=\"355\" data-full-url=\"http:\/\/phigall.be\/wp-content\/uploads\/2022\/10\/uq4EHgR82i2GvnOi4r9A-scaled.jpg\" data-link=\"http:\/\/phigall.be\/index.php\/la-permanence-de-lephemere\/uq4ehgr82i2gvnoi4r9a\/\" class=\"wp-image-355\" srcset=\"https:\/\/phigall.be\/wp-content\/uploads\/2022\/10\/uq4EHgR82i2GvnOi4r9A-768x1024.jpg 768w, https:\/\/phigall.be\/wp-content\/uploads\/2022\/10\/uq4EHgR82i2GvnOi4r9A-225x300.jpg 225w, https:\/\/phigall.be\/wp-content\/uploads\/2022\/10\/uq4EHgR82i2GvnOi4r9A-1152x1536.jpg 1152w, https:\/\/phigall.be\/wp-content\/uploads\/2022\/10\/uq4EHgR82i2GvnOi4r9A-1536x2048.jpg 1536w, https:\/\/phigall.be\/wp-content\/uploads\/2022\/10\/uq4EHgR82i2GvnOi4r9A-scaled.jpg 1920w\" sizes=\"(max-width: 768px) 100vw, 768px\" \/><\/figure><\/li><li class=\"blocks-gallery-item\"><figure><img loading=\"lazy\" width=\"768\" height=\"1024\" src=\"http:\/\/phigall.be\/wp-content\/uploads\/2022\/10\/jroxDASaE6d1BwNmE2w-768x1024.jpg\" alt=\"\" data-id=\"356\" data-full-url=\"http:\/\/phigall.be\/wp-content\/uploads\/2022\/10\/jroxDASaE6d1BwNmE2w-scaled.jpg\" data-link=\"http:\/\/phigall.be\/index.php\/la-permanence-de-lephemere\/jroxdasae6d1bwnme2w\/\" class=\"wp-image-356\" srcset=\"https:\/\/phigall.be\/wp-content\/uploads\/2022\/10\/jroxDASaE6d1BwNmE2w-768x1024.jpg 768w, https:\/\/phigall.be\/wp-content\/uploads\/2022\/10\/jroxDASaE6d1BwNmE2w-225x300.jpg 225w, https:\/\/phigall.be\/wp-content\/uploads\/2022\/10\/jroxDASaE6d1BwNmE2w-1152x1536.jpg 1152w, https:\/\/phigall.be\/wp-content\/uploads\/2022\/10\/jroxDASaE6d1BwNmE2w-1536x2048.jpg 1536w, https:\/\/phigall.be\/wp-content\/uploads\/2022\/10\/jroxDASaE6d1BwNmE2w-scaled.jpg 1920w\" sizes=\"(max-width: 768px) 100vw, 768px\" \/><\/figure><\/li><li class=\"blocks-gallery-item\"><figure><img loading=\"lazy\" width=\"768\" height=\"1024\" src=\"http:\/\/phigall.be\/wp-content\/uploads\/2022\/10\/TGeZjL9gTvucgfFvJauhuQ-768x1024.jpg\" alt=\"\" data-id=\"357\" data-full-url=\"http:\/\/phigall.be\/wp-content\/uploads\/2022\/10\/TGeZjL9gTvucgfFvJauhuQ-scaled.jpg\" data-link=\"http:\/\/phigall.be\/index.php\/la-permanence-de-lephemere\/tgezjl9gtvucgffvjauhuq\/\" class=\"wp-image-357\" srcset=\"https:\/\/phigall.be\/wp-content\/uploads\/2022\/10\/TGeZjL9gTvucgfFvJauhuQ-768x1024.jpg 768w, https:\/\/phigall.be\/wp-content\/uploads\/2022\/10\/TGeZjL9gTvucgfFvJauhuQ-225x300.jpg 225w, https:\/\/phigall.be\/wp-content\/uploads\/2022\/10\/TGeZjL9gTvucgfFvJauhuQ-1152x1536.jpg 1152w, https:\/\/phigall.be\/wp-content\/uploads\/2022\/10\/TGeZjL9gTvucgfFvJauhuQ-1536x2048.jpg 1536w, https:\/\/phigall.be\/wp-content\/uploads\/2022\/10\/TGeZjL9gTvucgfFvJauhuQ-scaled.jpg 1920w\" sizes=\"(max-width: 768px) 100vw, 768px\" \/><\/figure><\/li><li class=\"blocks-gallery-item\"><figure><img loading=\"lazy\" width=\"768\" height=\"1024\" src=\"http:\/\/phigall.be\/wp-content\/uploads\/2022\/10\/LhphfnePS1OMbT5HRmHlw-768x1024.jpg\" alt=\"\" data-id=\"358\" data-full-url=\"http:\/\/phigall.be\/wp-content\/uploads\/2022\/10\/LhphfnePS1OMbT5HRmHlw-scaled.jpg\" data-link=\"http:\/\/phigall.be\/index.php\/la-permanence-de-lephemere\/lhphfneps1ombt5hrmhlw\/\" class=\"wp-image-358\" srcset=\"https:\/\/phigall.be\/wp-content\/uploads\/2022\/10\/LhphfnePS1OMbT5HRmHlw-768x1024.jpg 768w, https:\/\/phigall.be\/wp-content\/uploads\/2022\/10\/LhphfnePS1OMbT5HRmHlw-225x300.jpg 225w, https:\/\/phigall.be\/wp-content\/uploads\/2022\/10\/LhphfnePS1OMbT5HRmHlw-1152x1536.jpg 1152w, https:\/\/phigall.be\/wp-content\/uploads\/2022\/10\/LhphfnePS1OMbT5HRmHlw-1536x2048.jpg 1536w, https:\/\/phigall.be\/wp-content\/uploads\/2022\/10\/LhphfnePS1OMbT5HRmHlw-scaled.jpg 1920w\" sizes=\"(max-width: 768px) 100vw, 768px\" \/><\/figure><\/li><li class=\"blocks-gallery-item\"><figure><img loading=\"lazy\" width=\"768\" height=\"1024\" src=\"http:\/\/phigall.be\/wp-content\/uploads\/2022\/10\/CkE3CQuQlWTaRyPOjblQw-768x1024.jpg\" alt=\"\" data-id=\"359\" data-full-url=\"http:\/\/phigall.be\/wp-content\/uploads\/2022\/10\/CkE3CQuQlWTaRyPOjblQw-scaled.jpg\" data-link=\"http:\/\/phigall.be\/index.php\/la-permanence-de-lephemere\/cke3cquqlwtarypojblqw\/\" class=\"wp-image-359\" srcset=\"https:\/\/phigall.be\/wp-content\/uploads\/2022\/10\/CkE3CQuQlWTaRyPOjblQw-768x1024.jpg 768w, https:\/\/phigall.be\/wp-content\/uploads\/2022\/10\/CkE3CQuQlWTaRyPOjblQw-225x300.jpg 225w, https:\/\/phigall.be\/wp-content\/uploads\/2022\/10\/CkE3CQuQlWTaRyPOjblQw-1152x1536.jpg 1152w, https:\/\/phigall.be\/wp-content\/uploads\/2022\/10\/CkE3CQuQlWTaRyPOjblQw-1536x2048.jpg 1536w, https:\/\/phigall.be\/wp-content\/uploads\/2022\/10\/CkE3CQuQlWTaRyPOjblQw-scaled.jpg 1920w\" sizes=\"(max-width: 768px) 100vw, 768px\" \/><\/figure><\/li><\/ul><\/figure>\n","protected":false},"excerpt":{"rendered":"<p>Cette ann\u00e9e, les artistes qui exposent \u00e0 la&nbsp;ferme Allard, ancienne brasserie de Brunehaut, font le choix collectif d\u2019int\u00e9grer l\u2019ici et maintenant \u00e0 leur r\u00e9flexion cr\u00e9ative. \u200b En effet, c\u2019est au cours de&nbsp;r\u00e9sidences d\u2019artistes&nbsp;sur le site m\u00eame, qu\u2019ils ont cr\u00e9\u00e9 les \u0153uvres que vous pouvez voir pour leur exposition commune&nbsp;dans le cadre d\u2019Art dans la Ville. [&hellip;]<\/p>\n","protected":false},"author":1,"featured_media":0,"parent":0,"menu_order":0,"comment_status":"closed","ping_status":"closed","template":"","meta":{"hide_page_title":"disabled"},"_links":{"self":[{"href":"https:\/\/phigall.be\/index.php\/wp-json\/wp\/v2\/pages\/334"}],"collection":[{"href":"https:\/\/phigall.be\/index.php\/wp-json\/wp\/v2\/pages"}],"about":[{"href":"https:\/\/phigall.be\/index.php\/wp-json\/wp\/v2\/types\/page"}],"author":[{"embeddable":true,"href":"https:\/\/phigall.be\/index.php\/wp-json\/wp\/v2\/users\/1"}],"replies":[{"embeddable":true,"href":"https:\/\/phigall.be\/index.php\/wp-json\/wp\/v2\/comments?post=334"}],"version-history":[{"count":7,"href":"https:\/\/phigall.be\/index.php\/wp-json\/wp\/v2\/pages\/334\/revisions"}],"predecessor-version":[{"id":369,"href":"https:\/\/phigall.be\/index.php\/wp-json\/wp\/v2\/pages\/334\/revisions\/369"}],"wp:attachment":[{"href":"https:\/\/phigall.be\/index.php\/wp-json\/wp\/v2\/media?parent=334"}],"curies":[{"name":"wp","href":"https:\/\/api.w.org\/{rel}","templated":true}]}}