{"id":344,"date":"2022-08-11T17:24:29","date_gmt":"2022-08-11T15:24:29","guid":{"rendered":"http:\/\/phigall.be\/?page_id=344"},"modified":"2023-06-14T13:03:23","modified_gmt":"2023-06-14T11:03:23","slug":"agenda","status":"publish","type":"page","link":"https:\/\/phigall.be\/index.php\/agenda\/","title":{"rendered":"Activit\u00e9s 2023"},"content":{"rendered":"\n<p>DANSE<\/p>\n\n\n\n<p style=\"font-size:25px\"><a href=\"https:\/\/www.culturecollines.com\/event\/projet-interg\/\" data-type=\"URL\" data-id=\"https:\/\/www.culturecollines.com\/event\/projet-interg\/\">F\u00eate InterG&#8217;<\/a><\/p>\n\n\n\n<p>MER 26 avril, 14h<\/p>\n\n\n\n<p>Maison des Jeunes Vaniche &#8211; Route de Lessines 1&nbsp; &#8211; Frasnes-lez-Buissenal,7911 Belgique<\/p>\n\n\n\n<p>Une fois par mois, d\u2019octobre 2022 \u00e0 avril 2023, diff\u00e9rents ateliers interg\u00e9n\u00e9rationnels sont organis\u00e9s entre des jeunes et des r\u00e9sidents de maisons de repos de la commune de Frasnes.<\/p>\n\n\n\n<p>Les \u00e9l\u00e8ves de 4, 5 et 6\u00e8me primaire de l\u2019\u00e9cole Notre-Dame des Rhosnes ont rencontr\u00e9 les habitants du Jardin Int\u00e9rieur. Accompagn\u00e9s de l\u2019artiste Pierrot Delor, ceux-ci se sont essay\u00e9s \u00e0\u2026 la musique \u00e9lectronique !<br>Les jeunes de l\u2019Institut d\u2019Enseignement Sp\u00e9cialis\u00e9 ont, quant \u00e0 eux, rencontr\u00e9 les r\u00e9sidents de la Maison de repos Vivaldi. Avec Philom\u00e8ne Gallez, ils ont particip\u00e9 \u00e0 des ateliers de danse.<br>Les jeunes ont r\u00e9alis\u00e9 une d\u00e9monstration de breakdance. De leur c\u00f4t\u00e9, les personnes \u00e2g\u00e9es ont pr\u00e9sent\u00e9 des danses de salon sur des airs de guinguette et d\u2019accord\u00e9on. Les deux g\u00e9n\u00e9rations ont dans\u00e9 ensemble afin de symboliser cette jolie rencontre.<\/p>\n\n\n\n<p>Les deux premi\u00e8res rencontres entre les participants ont \u00e9t\u00e9 anim\u00e9es par l\u2019ASBL<br>\u00ab Ag\u2019Y sont \u00bb qui travaille sp\u00e9cifiquement sur la solidarit\u00e9 et les \u00e9changes entre les diff\u00e9rentes g\u00e9n\u00e9rations.<\/p>\n\n\n\n<p>Un spectacle de musique \u00e9lectro, un spectacle de danse\u2026 Des chants d\u2019antan, des chants modernes\u2026 Les enfants des \u00e9coles de l\u2019Enseignement sp\u00e9cialis\u00e9 et de Notre Dame des Rhosnes\u2026 Les personnes \u00e2g\u00e9es du Home Vivaldi et de la R\u00e9sidence Jardin int\u00e9rieur\u2026 Le Conseil Communal des Enfants de Frasnes et le Conseil Consultatif des A\u00een\u00e9s\u2026<\/p>\n\n\n\n<p>En voil\u00e0 un beau m\u00e9lange pour f\u00eater l\u2019apoth\u00e9ose de ce projet le mercredi 26 avril !<br>Cet \u00e9v\u00e9nement, ouvert \u00e0 tous, mettra \u00e0 l\u2019honneur la complicit\u00e9 de deux g\u00e9n\u00e9rations qui ont travaill\u00e9 main dans la main durant plusieurs mois.<\/p>\n\n\n\n<p><\/p>\n\n\n\n<p>DANSE<\/p>\n\n\n\n<p style=\"font-size:25px\"><a href=\"https:\/\/dansesenfete.be\/danssilence\/\" data-type=\"URL\" data-id=\"https:\/\/dansesenfete.be\/danssilence\/\" target=\"_blank\" rel=\"noreferrer noopener\"><strong>Danse en f\u00eate<\/strong><\/a><\/p>\n\n\n\n<p>SAM 21 avril, 10h &#8211; SAM 29 avril, 10h<\/p>\n\n\n\n<p>Parc Georges Brassens, rue du Chambge, Tournai<\/p>\n\n\n\n<p>Le printemps est l\u00e0. La s\u00e8ve est remont\u00e9. La temp\u00e9rature aussi. L\u2019occasion id\u00e9ale pour sortir, se retrouver, se rencontrer. Chacun et chacune dans ce que nous sommes dans l\u2019instant.<br>L\u2019atelier Dans\u2019Silence est un atelier de conscience corporelle par le mouvement.<br>Dans un premier temps, inspir\u00e9e par la m\u00e9thode du Body Mind Centering\u00a9, Philom\u00e8ne nous guide, par la voix, dans une exploration de nos corps en mouvement, dans toutes leurs dimensions et leur relation au monde. Nous explorerons, en particulier, les diff\u00e9rences de qualit\u00e9s de mouvements lorsqu\u2019ils sont initi\u00e9s par notre squelette, nos organes, notre syst\u00e8me nerveux, nos r\u00e9flexes archa\u00efques et nos imaginaires.<br>Ce voyage se poursuit dans une danse improvis\u00e9e, en silence. Dans un espace d\u00e9fini, chaque membre du groupe sera invit\u00e9 \u00e0 se laisser mouvoir, spontan\u00e9ment, seul et en lien avec et autres. L\u2019intention est de faire jaillir une danse collective dont la forme importe peu. Chacun aura sa propre perception du moment et, parce qu\u2019en respect avec ce qui est l\u00e0, ce sera juste.La danse est une mani\u00e8re de voir. Tout mouvement, aussi insignifiant ou grandiose qu\u2019il soit, devient une danse d\u00e8s qu\u2019il existe une conscience pour le percevoir comme tel.Chaque jour, l\u2019activit\u00e9 se divise en deux parties: un atelier \u00e0 10h00 et une performance \u00e0 11h00. Tout le monde est libre de venir \u00e0 une ou aux deux parties.<\/p>\n\n\n\n<p><\/p>\n\n\n\n<p>STAGE DANSE-TEXTILE<\/p>\n\n\n\n<p style=\"font-size:25px\"><a href=\"https:\/\/www.cultureleuze.be\/stage-de-printemps-mon-jardin-secret\/\" data-type=\"URL\" data-id=\"https:\/\/www.cultureleuze.be\/stage-de-printemps-mon-jardin-secret\/\" target=\"_blank\" rel=\"noreferrer noopener\">Mon Jardin secret<\/a><\/p>\n\n\n\n<p>LU 8 mai au VEN 12 mai , 9h-16h<\/p>\n\n\n\n<p>Enfants 6-10 ans<\/p>\n\n\n\n<p><strong>Centre Culturel de Leuze-en-Hainaut<\/strong> &#8211; 33, Rue d&#8217;Ath &#8211; 7900 Leuze-en-Hainaut &#8211; Belgique<\/p>\n\n\n\n<p>Plongeons au coeur de nos jardins secrets&nbsp;! En matin\u00e9e, nous voyagerons&nbsp;dans un univers textile et cr\u00e9erons des&nbsp;jardins miniatures avec tissus, laines, fils&nbsp;et ficelles. Chaque parcelle sera une part&nbsp;d\u2019une oeuvre commune. L\u2019apr\u00e8s-midi&nbsp;sera consacr\u00e9e \u00e0 la danse et au mouvement&nbsp;spontan\u00e9.&nbsp;<\/p>\n\n\n\n<p>\u00c0 partir de diff\u00e9rentes approches corporelles, nous explorerons nos propres mani\u00e8res de bouger, en ext\u00e9rieur et en int\u00e9rieur, en solitaire et ensemble. Nous traduirons nos diff\u00e9rentes exp\u00e9riences en une danse \u00e0 la fois individuelle et collective.<\/p>\n\n\n\n<p><\/p>\n\n\n\n<p><strong>VISITES-CONFERENCES<\/strong><\/p>\n\n\n\n<p style=\"font-size:25px\"><strong><a href=\"https:\/\/mufim.tournai.be\/visites-conferences-mais-ou-sont-elles-les-femmes-au-mufim\/\" target=\"_blank\" rel=\"noreferrer noopener\">Mais o\u00f9 sont-elles? Les femmes au MuFIm<\/a><\/strong><\/p>\n\n\n\n<p>DIM 13 novembre \/\/ DIM 18 d\u00e9cembre \/\/ DIM 15 janvier \/\/ DIM 12 f\u00e9vrier \/\/ <strong>DIM 4 juin<\/strong><\/p>\n\n\n\n<p>15h-16h<\/p>\n\n\n\n<p>Mus\u00e9e du Folklore et des Imaginaires, R\u00e9duit des Sions 36, 7500 Tournai<\/p>\n\n\n\n<p>Au MuFIm, souvent cach\u00e9es au d\u00e9tour d\u2019une vitrine, les femmes sont bel et bien pr\u00e9sentes ! Il y a Martine, la petite fille mod\u00e8le ; la Clairisse et la B\u00e9guine, les c\u00e9libataires ; les femmes<br>mari\u00e9es et les m\u00e8res ; les commer\u00e7antes, ouvri\u00e8res, denteli\u00e8res, artistes, \u2026 Il y a aussi Christine de Lalaing, Gabrielle Petit, la Na\u00efade, la D\u00e9esse, Martine, la Vierge \u00e0 l\u2019Enfant, la Reine Elisabeth, autant de repr\u00e9sentations publiques d\u2019un id\u00e9al f\u00e9minin. Comment visiter le MuFIm avec ce regard concentr\u00e9 sur l\u2019histoire des femmes ? Quelles femmes y ont d\u00e9j\u00e0 leur place ? Lesquelles pourraient y \u00eatre davantage repr\u00e9sent\u00e9es ? Quelle image des femmes le folklore tournaisien et l\u2019imaginaire v\u00e9hiculaient-ils et v\u00e9hiculent-ils encore aujourd\u2019hui ?<\/p>\n\n\n\n<p>Philom\u00e8ne Gallez est Docteure en Histoire, Histoire de l\u2019art et arch\u00e9ologie, dipl\u00f4m\u00e9e de<br>l\u2019Universit\u00e9 Libre de Bruxelles et de l\u2019Universit\u00e9 de Montr\u00e9al et sp\u00e9cialis\u00e9e en Histoire<br>\u00e9conomique et en Histoire des femmes. Depuis 2020, elle d\u00e9veloppe diff\u00e9rents projets tels que le recueil et l\u2019\u00e9criture de r\u00e9cits de vie, la conscience corporelle par le mouvement et la cr\u00e9ation textile. Ses visites-conf\u00e9rences au MuFIm se con\u00e7oivent comme des voyages sensibles, dr\u00f4les et critiques sur ce que l\u2019on trouve (et ne trouve pas) sur l\u2019histoire fascinante des femmes et de celles qui se consid\u00e8rent comme telles !<\/p>\n\n\n\n<p>\u00ab Si je fouine dans le pass\u00e9, c\u2019est aussi pour m\u2019ancrer dans le pr\u00e9sent et imaginer l\u2019avenir. \u00bb<\/p>\n\n\n\n<p><\/p>\n\n\n\n<p><\/p>\n\n\n\n<p><\/p>\n","protected":false},"excerpt":{"rendered":"<p>DANSE F\u00eate InterG&#8217; MER 26 avril, 14h Maison des Jeunes Vaniche &#8211; Route de Lessines 1&nbsp; &#8211; Frasnes-lez-Buissenal,7911 Belgique Une fois par mois, d\u2019octobre 2022 \u00e0 avril 2023, diff\u00e9rents ateliers interg\u00e9n\u00e9rationnels sont organis\u00e9s entre des jeunes et des r\u00e9sidents de maisons de repos de la commune de Frasnes. Les \u00e9l\u00e8ves de 4, 5 et 6\u00e8me [&hellip;]<\/p>\n","protected":false},"author":1,"featured_media":0,"parent":0,"menu_order":0,"comment_status":"closed","ping_status":"closed","template":"","meta":{"hide_page_title":""},"_links":{"self":[{"href":"https:\/\/phigall.be\/index.php\/wp-json\/wp\/v2\/pages\/344"}],"collection":[{"href":"https:\/\/phigall.be\/index.php\/wp-json\/wp\/v2\/pages"}],"about":[{"href":"https:\/\/phigall.be\/index.php\/wp-json\/wp\/v2\/types\/page"}],"author":[{"embeddable":true,"href":"https:\/\/phigall.be\/index.php\/wp-json\/wp\/v2\/users\/1"}],"replies":[{"embeddable":true,"href":"https:\/\/phigall.be\/index.php\/wp-json\/wp\/v2\/comments?post=344"}],"version-history":[{"count":16,"href":"https:\/\/phigall.be\/index.php\/wp-json\/wp\/v2\/pages\/344\/revisions"}],"predecessor-version":[{"id":468,"href":"https:\/\/phigall.be\/index.php\/wp-json\/wp\/v2\/pages\/344\/revisions\/468"}],"wp:attachment":[{"href":"https:\/\/phigall.be\/index.php\/wp-json\/wp\/v2\/media?parent=344"}],"curies":[{"name":"wp","href":"https:\/\/api.w.org\/{rel}","templated":true}]}}