{"id":396,"date":"2022-11-22T09:16:49","date_gmt":"2022-11-22T08:16:49","guid":{"rendered":"http:\/\/phigall.be\/?page_id=396"},"modified":"2022-12-13T11:42:15","modified_gmt":"2022-12-13T10:42:15","slug":"nuit-des-arts","status":"publish","type":"page","link":"https:\/\/phigall.be\/index.php\/nuit-des-arts\/","title":{"rendered":"Nuit des Arts (2022)"},"content":{"rendered":"\n<figure class=\"wp-block-image size-large\"><img loading=\"lazy\" width=\"960\" height=\"355\" src=\"http:\/\/phigall.be\/wp-content\/uploads\/2022\/11\/313407446_568203738639559_8248892702194691839_n.jpg\" alt=\"\" class=\"wp-image-397\" srcset=\"https:\/\/phigall.be\/wp-content\/uploads\/2022\/11\/313407446_568203738639559_8248892702194691839_n.jpg 960w, https:\/\/phigall.be\/wp-content\/uploads\/2022\/11\/313407446_568203738639559_8248892702194691839_n-300x111.jpg 300w, https:\/\/phigall.be\/wp-content\/uploads\/2022\/11\/313407446_568203738639559_8248892702194691839_n-768x284.jpg 768w\" sizes=\"(max-width: 960px) 100vw, 960px\" \/><\/figure>\n\n\n\n<p>J&#8217;y expose quelques oeuvres textiles dans le magnifique atelier de <a href=\"https:\/\/www.delphivanpop.com\">Delphine Vanpoperinghe-Logi\u00e9<\/a>!<\/p>\n\n\n\n<p><\/p>\n\n\n\n<p>\ud835\udddc \ud835\uddea\ud835\uddd8\ud835\uddd8\ud835\uddde-\ud835\uddd8\ud835\udde1\ud835\uddd7 \ud835\udfed- \ud835\udddd\ud835\udde2\ud835\udde8\ud835\udde5\ud835\uddd8\ud835\udde7 \ud835\uddd8\ud835\udde1\ud835\udde9\ud835\udde2\ud835\udddc\ud835\uddd8 \ud835\uddd7\ud835\udde8 \ud835\uddd5\ud835\udde2\ud835\udddc\ud835\udde6 \ud835\udddc<\/p>\n\n\n\n<p>Pour cette 23\u00e8me \u00e9dition de <a href=\"https:\/\/fr.calameo.com\/read\/0000531371efa30cc76bb\">La Nuit des Arts<\/a>, les <a href=\"https:\/\/ateliersjouret.fr\">Ateliers Jouret <\/a>ont d\u00e9cid\u00e9 de mettre \u00e0 l&#8217;honneur la sculpture sur bois !<\/p>\n\n\n\n<p>\u279c&nbsp;<img loading=\"lazy\" height=\"16\" width=\"16\" alt=\"\ud83d\udcc6\" src=\"https:\/\/static.xx.fbcdn.net\/images\/emoji.php\/v9\/tff\/1\/16\/1f4c6.png\">&nbsp;\ud835\uddd4\ud835\udde8 \ud835\udde3\ud835\udde5\ud835\udde2\ud835\uddda\ud835\udde5\ud835\uddd4\ud835\udde0\ud835\udde0\ud835\uddd8<\/p>\n\n\n\n<p>Samedi 3 D\u00e9cembre : 14h \u00e0 23h<br>Dimanche 4 D\u00e9cembre : 14h \u00e0 19h<img loading=\"lazy\" height=\"16\" width=\"16\" alt=\"\ud83e\udeb5\" src=\"https:\/\/static.xx.fbcdn.net\/images\/emoji.php\/v9\/t4c\/1\/16\/1fab5.png\">&nbsp;<\/p>\n\n\n\n<p>\ud835\udde6\ud835\uddd6\ud835\udde8\ud835\udddf\ud835\udde3\ud835\udde7\ud835\udde8\ud835\udde5\ud835\uddd8 \ud835\udde6\ud835\udde8\ud835\udde5 \ud835\uddd5\ud835\udde2\ud835\udddc\ud835\udde6- Collectif Artimuse<br>&#8211; Christophe CATELLE<br>&#8211; Emmanuel DEGAND<br>&#8211; Henry LGH<br>&#8211; Maxence TERRIER<br>&#8211; Ang\u00e9lique ZICOT<img loading=\"lazy\" height=\"16\" width=\"16\" alt=\"\ud83d\udc83\" src=\"https:\/\/static.xx.fbcdn.net\/images\/emoji.php\/v9\/tc7\/1\/16\/1f483.png\"><\/p>\n\n\n\n<p>\ud835\uddd5\ud835\uddd8\ud835\udde7\ud835\uddea\ud835\uddd8\ud835\uddd8\ud835\udde1<\/p>\n\n\n\n<p>Sylvain Groud, chor\u00e9graphe et danseur au CCN Ballet du Nord, sera pr\u00e9sent pour des duo improvis\u00e9s avec trois plasticiennes des Ateliers Jouret : un dialogue po\u00e9tique et spontan\u00e9 \u00e0 la crois\u00e9e des arts qui risque de vous surprendre !\u00b7 Le 3 D\u00e9cembre \u00e0 16h30 &#8211; Sylvain Groud &amp; Virginie Wauters<br>\u00b7 Le 3 D\u00e9cembre \u00e0 18h30 &#8211; Sylvain Groud &amp; Delphine Vanpoperinghe<br>\u00b7 Le 4 D\u00e9cembre \u00e0 16h30 &#8211; Sylvain Groud &amp; Sarah Pascal<img loading=\"lazy\" height=\"16\" width=\"16\" alt=\"\ud83c\udfb5\" src=\"https:\/\/static.xx.fbcdn.net\/images\/emoji.php\/v9\/t9e\/1\/16\/1f3b5.png\">&nbsp;<\/p>\n\n\n\n<p>\ud835\udde0\ud835\udde8\ud835\udde6\ud835\udddc\ud835\udde4\ud835\udde8\ud835\uddd8 &amp; \ud835\uddd7\ud835\uddd4\ud835\udde1\ud835\udde6\ud835\uddd8 \ud835\uddd6\ud835\udde2\ud835\udde1\ud835\udde7\ud835\uddd8\ud835\udde0\ud835\udde3\ud835\udde2\ud835\udde5\ud835\uddd4\ud835\udddc\ud835\udde1\ud835\uddd8<\/p>\n\n\n\n<p>Le Conservatoire sera \u00e9galement de la partie : Pierre Pouillade (fl\u00fbte), Anne Le Roy (harpe) et Matthieu Petit (contrebasse) accompagneront une chor\u00e9graphie de Sabrina Del Gallo pour les \u00e9l\u00e8ves de l&#8217;\u00e9cole CCN Ballet du Nord !\u00b7 <\/p>\n\n\n\n<p>Le 3 D\u00e9cembre \u00e0 19h15 et \u00e0 19h40-<\/p>\n\n\n\n<p><img loading=\"lazy\" height=\"16\" width=\"16\" alt=\"\u2615\" src=\"https:\/\/static.xx.fbcdn.net\/images\/emoji.php\/v9\/t91\/1\/16\/2615.png\">&nbsp;Comme \u00e0 chaque Nuit des Arts, on ouvre le bar\/cafet&#8217; et proposons nos meilleures cr\u00eapes et autres gourmandises afin de vous sustenter !Pr\u00eats pour un week-end d&#8217;\ud835\uddf2\ud835\ude05\ud835\uddfd\ud835\uddfc\ud835\ude00\ud835\uddf6\ud835\ude01\ud835\uddf6\ud835\uddfc\ud835\uddfb\ud835\ude00, de \ud835\uddfd\ud835\uddf2\ud835\uddff\ud835\uddf3\ud835\uddfc\ud835\uddff\ud835\uddfa\ud835\uddee\ud835\uddfb\ud835\uddf0\ud835\uddf2\ud835\ude00 et de \ud835\uddf0\ud835\uddfc\ud835\uddfb\ud835\uddf0\ud835\uddf2\ud835\uddff\ud835\ude01\ud835\ude00 ?&nbsp;<img loading=\"lazy\" height=\"16\" width=\"16\" alt=\"\ud83c\udfa8\" src=\"https:\/\/static.xx.fbcdn.net\/images\/emoji.php\/v9\/t82\/1\/16\/1f3a8.png\"><img loading=\"lazy\" height=\"16\" width=\"16\" alt=\"\ud83c\udfb8\" src=\"https:\/\/static.xx.fbcdn.net\/images\/emoji.php\/v9\/t21\/1\/16\/1f3b8.png\"><\/p>\n\n\n\n<p><\/p>\n\n\n\n<p><\/p>\n\n\n\n<p>\ud835\udddc\ud835\udde1\ud835\uddd9\ud835\udde2\ud835\udde6 \ud835\udde3\ud835\udde5\ud835\uddd4\ud835\udde7\ud835\udddc\ud835\udde4\ud835\udde8\ud835\uddd8\ud835\udde6<br>Entr\u00e9e libre et gratuite.&nbsp;<br><img loading=\"lazy\" height=\"16\" width=\"16\" alt=\"\ud83d\udccd\" src=\"https:\/\/static.xx.fbcdn.net\/images\/emoji.php\/v9\/t2d\/1\/16\/1f4cd.png\">&nbsp;<a href=\"https:\/\/ateliersjouret.fr\/\">Les Ateliers Jouret<\/a> &#8211; 13 rue de l&#8217;Hospice 59100 Roubaix<br><img loading=\"lazy\" height=\"16\" width=\"16\" alt=\"\ud83d\ude87\" src=\"https:\/\/static.xx.fbcdn.net\/images\/emoji.php\/v9\/t4d\/1\/16\/1f687.png\">&nbsp;En m\u00e9tro, arr\u00eat Roubaix Grand Place ou Gare Jean Lebas<br><img loading=\"lazy\" height=\"16\" width=\"16\" alt=\"\ud83d\ude8a\" src=\"https:\/\/static.xx.fbcdn.net\/images\/emoji.php\/v9\/t77\/1\/16\/1f68a.png\">&nbsp;En tram, arr\u00eat Eurot\u00e9l\u00e9port<br><img loading=\"lazy\" height=\"16\" width=\"16\" alt=\"\ud83d\udce7\" src=\"https:\/\/static.xx.fbcdn.net\/images\/emoji.php\/v9\/tbe\/1\/16\/1f4e7.png\">&nbsp;communicationjouret@gmail.com<br><\/p>\n\n\n\n<p><\/p>\n\n\n\n<p>\ud835\uddea\ud835\uddd8\ud835\uddd8\ud835\uddde-\ud835\uddd8\ud835\udde1\ud835\uddd7 \ud835\udfee- \ud835\udddd\ud835\udde2\ud835\udde8\ud835\udde5\ud835\uddd8\ud835\udde7 \ud835\udde0\ud835\uddd4\ud835\udde5\ud835\uddde\ud835\uddd8\ud835\udde7 \ud835\udddcPour le second week-end de la Nuit des Arts, les Ateliers Jouret vous invitent \u00e0 une nouvelle \u00e9dition du Jouret Market !<\/p>\n\n\n\n<p>\u279c&nbsp;<img loading=\"lazy\" height=\"16\" width=\"16\" alt=\"\ud83d\udcc6\" src=\"https:\/\/static.xx.fbcdn.net\/images\/emoji.php\/v9\/tff\/1\/16\/1f4c6.png\">&nbsp;\ud835\uddd4\ud835\udde8 \ud835\udde3\ud835\udde5\ud835\udde2\ud835\uddda\ud835\udde5\ud835\uddd4\ud835\udde0\ud835\udde0\ud835\uddd8<\/p>\n\n\n\n<p>Samedi 10 D\u00e9cembre : 14h \u00e0 23h<br>Dimanche 11 D\u00e9cembre : 14h \u00e0 19h<img loading=\"lazy\" height=\"16\" width=\"16\" alt=\"\ud83c\udf81\" src=\"https:\/\/static.xx.fbcdn.net\/images\/emoji.php\/v9\/t84\/1\/16\/1f381.png\">&nbsp;<\/p>\n\n\n\n<p>\ud835\uddd8\ud835\uddeb\ud835\udde3\ud835\udde2\ud835\udde6\ud835\uddd4\ud835\udde1\ud835\udde7\ud835\udde6<\/p>\n\n\n\n<p>&#8211; Th\u00e9o AMPILHAC<br>&#8211; Collectif Artimuse<br>&#8211; Tom BREYNAERT<br>&#8211; Thomas CARYN<br>&#8211; Nicolas CHRISTIAN-THI\u00c9BAUT<br>&#8211; Le\u00efla DAQUIN<br>&#8211; Caroline DAVID<br>&#8211; Virginie FLAHAUT<br>&#8211; Astrid FRACCOLA<br>&#8211; L\u00e9a GAILLARD<br>&#8211; Anne-Marie LACROIX<br>&#8211; Guillaume LERICHE<br>&#8211; Fanny LHENNI<br>&#8211; Maxicat<br>&#8211; Arnaud POLLET<br>&#8211; Florian SAINT-ETIENNE<br>&#8211; Christian VANWEMBEKE<br>&#8211; Rita WAGNER<br>&#8211;<br><img loading=\"lazy\" height=\"16\" width=\"16\" alt=\"\u2615\" src=\"https:\/\/static.xx.fbcdn.net\/images\/emoji.php\/v9\/t91\/1\/16\/2615.png\">&nbsp;Comme \u00e0 chaque Nuit des Arts, on ouvre le bar\/cafet&#8217; et proposons nos meilleures cr\u00eapes et autres gourmandises afin de vous sustenter !<\/p>\n\n\n\n<p><\/p>\n\n\n\n<figure class=\"wp-block-gallery columns-3 is-cropped\"><ul class=\"blocks-gallery-grid\"><li class=\"blocks-gallery-item\"><figure><img loading=\"lazy\" width=\"1024\" height=\"768\" src=\"http:\/\/phigall.be\/wp-content\/uploads\/2022\/12\/Yt735oSzSh6DgynBBoO1Cg-1024x768.jpg\" alt=\"\" data-id=\"406\" data-link=\"http:\/\/phigall.be\/index.php\/nuit-des-arts\/yt735oszsh6dgynbboo1cg\/\" class=\"wp-image-406\" srcset=\"https:\/\/phigall.be\/wp-content\/uploads\/2022\/12\/Yt735oSzSh6DgynBBoO1Cg-1024x768.jpg 1024w, https:\/\/phigall.be\/wp-content\/uploads\/2022\/12\/Yt735oSzSh6DgynBBoO1Cg-300x225.jpg 300w, https:\/\/phigall.be\/wp-content\/uploads\/2022\/12\/Yt735oSzSh6DgynBBoO1Cg-768x576.jpg 768w, https:\/\/phigall.be\/wp-content\/uploads\/2022\/12\/Yt735oSzSh6DgynBBoO1Cg-1536x1152.jpg 1536w, https:\/\/phigall.be\/wp-content\/uploads\/2022\/12\/Yt735oSzSh6DgynBBoO1Cg-2048x1536.jpg 2048w\" sizes=\"(max-width: 1024px) 100vw, 1024px\" \/><figcaption class=\"blocks-gallery-item__caption\">Nuage blanc<br>Laine Bambou<\/figcaption><\/figure><\/li><li class=\"blocks-gallery-item\"><figure><img loading=\"lazy\" width=\"1024\" height=\"768\" src=\"http:\/\/phigall.be\/wp-content\/uploads\/2022\/12\/Y9lvIhEgR3qplMjaPjuVQ-1024x768.jpg\" alt=\"\" data-id=\"407\" data-link=\"http:\/\/phigall.be\/index.php\/nuit-des-arts\/y9lvihegr3qplmjapjuvq\/\" class=\"wp-image-407\" srcset=\"https:\/\/phigall.be\/wp-content\/uploads\/2022\/12\/Y9lvIhEgR3qplMjaPjuVQ-1024x768.jpg 1024w, https:\/\/phigall.be\/wp-content\/uploads\/2022\/12\/Y9lvIhEgR3qplMjaPjuVQ-300x225.jpg 300w, https:\/\/phigall.be\/wp-content\/uploads\/2022\/12\/Y9lvIhEgR3qplMjaPjuVQ-768x576.jpg 768w, https:\/\/phigall.be\/wp-content\/uploads\/2022\/12\/Y9lvIhEgR3qplMjaPjuVQ-1536x1152.jpg 1536w, https:\/\/phigall.be\/wp-content\/uploads\/2022\/12\/Y9lvIhEgR3qplMjaPjuVQ-2048x1536.jpg 2048w\" sizes=\"(max-width: 1024px) 100vw, 1024px\" \/><figcaption class=\"blocks-gallery-item__caption\">Drache estivale<br>Laine Bambou<\/figcaption><\/figure><\/li><li class=\"blocks-gallery-item\"><figure><img loading=\"lazy\" width=\"1024\" height=\"768\" src=\"http:\/\/phigall.be\/wp-content\/uploads\/2022\/12\/Tdz7Et8nQfOIsSVByrvdOg-1024x768.jpg\" alt=\"\" data-id=\"408\" data-link=\"http:\/\/phigall.be\/index.php\/nuit-des-arts\/tdz7et8nqfoissvbyrvdog\/\" class=\"wp-image-408\" srcset=\"https:\/\/phigall.be\/wp-content\/uploads\/2022\/12\/Tdz7Et8nQfOIsSVByrvdOg-1024x768.jpg 1024w, https:\/\/phigall.be\/wp-content\/uploads\/2022\/12\/Tdz7Et8nQfOIsSVByrvdOg-300x225.jpg 300w, https:\/\/phigall.be\/wp-content\/uploads\/2022\/12\/Tdz7Et8nQfOIsSVByrvdOg-768x576.jpg 768w, https:\/\/phigall.be\/wp-content\/uploads\/2022\/12\/Tdz7Et8nQfOIsSVByrvdOg-1536x1152.jpg 1536w, https:\/\/phigall.be\/wp-content\/uploads\/2022\/12\/Tdz7Et8nQfOIsSVByrvdOg-2048x1536.jpg 2048w\" sizes=\"(max-width: 1024px) 100vw, 1024px\" \/><figcaption class=\"blocks-gallery-item__caption\">Perles de pluie<br>Laine Bambou<\/figcaption><\/figure><\/li><li class=\"blocks-gallery-item\"><figure><img loading=\"lazy\" width=\"1024\" height=\"768\" src=\"http:\/\/phigall.be\/wp-content\/uploads\/2022\/12\/trVYpQfDSZ4Totkkf9gzw-1024x768.jpg\" alt=\"\" data-id=\"411\" data-link=\"http:\/\/phigall.be\/index.php\/nuit-des-arts\/trvypqfdsz4totkkf9gzw\/\" class=\"wp-image-411\" srcset=\"https:\/\/phigall.be\/wp-content\/uploads\/2022\/12\/trVYpQfDSZ4Totkkf9gzw-1024x768.jpg 1024w, https:\/\/phigall.be\/wp-content\/uploads\/2022\/12\/trVYpQfDSZ4Totkkf9gzw-300x225.jpg 300w, https:\/\/phigall.be\/wp-content\/uploads\/2022\/12\/trVYpQfDSZ4Totkkf9gzw-768x576.jpg 768w, https:\/\/phigall.be\/wp-content\/uploads\/2022\/12\/trVYpQfDSZ4Totkkf9gzw-1536x1152.jpg 1536w, https:\/\/phigall.be\/wp-content\/uploads\/2022\/12\/trVYpQfDSZ4Totkkf9gzw-2048x1536.jpg 2048w\" sizes=\"(max-width: 1024px) 100vw, 1024px\" \/><figcaption class=\"blocks-gallery-item__caption\">Puissance de papillon<br>Laine Bambou<\/figcaption><\/figure><\/li><li class=\"blocks-gallery-item\"><figure><img loading=\"lazy\" width=\"1024\" height=\"768\" src=\"http:\/\/phigall.be\/wp-content\/uploads\/2022\/12\/036AiUVyRNmv3LPpU7PDIA-1024x768.jpg\" alt=\"\" data-id=\"412\" data-link=\"http:\/\/phigall.be\/index.php\/nuit-des-arts\/036aiuvyrnmv3lppu7pdia\/\" class=\"wp-image-412\" srcset=\"https:\/\/phigall.be\/wp-content\/uploads\/2022\/12\/036AiUVyRNmv3LPpU7PDIA-1024x768.jpg 1024w, https:\/\/phigall.be\/wp-content\/uploads\/2022\/12\/036AiUVyRNmv3LPpU7PDIA-300x225.jpg 300w, https:\/\/phigall.be\/wp-content\/uploads\/2022\/12\/036AiUVyRNmv3LPpU7PDIA-768x576.jpg 768w, https:\/\/phigall.be\/wp-content\/uploads\/2022\/12\/036AiUVyRNmv3LPpU7PDIA-1536x1152.jpg 1536w, https:\/\/phigall.be\/wp-content\/uploads\/2022\/12\/036AiUVyRNmv3LPpU7PDIA-2048x1536.jpg 2048w\" sizes=\"(max-width: 1024px) 100vw, 1024px\" \/><figcaption class=\"blocks-gallery-item__caption\">Mues<br>Bois-Laine 100\/120<\/figcaption><\/figure><\/li><li class=\"blocks-gallery-item\"><figure><img loading=\"lazy\" width=\"768\" height=\"1024\" src=\"http:\/\/phigall.be\/wp-content\/uploads\/2022\/12\/YpK8bQ0dRzSOBhK0ic7KQ-768x1024.jpg\" alt=\"\" data-id=\"417\" data-link=\"http:\/\/phigall.be\/index.php\/nuit-des-arts\/ypk8bq0drzsobhk0ic7kq\/\" class=\"wp-image-417\" srcset=\"https:\/\/phigall.be\/wp-content\/uploads\/2022\/12\/YpK8bQ0dRzSOBhK0ic7KQ-768x1024.jpg 768w, https:\/\/phigall.be\/wp-content\/uploads\/2022\/12\/YpK8bQ0dRzSOBhK0ic7KQ-225x300.jpg 225w, https:\/\/phigall.be\/wp-content\/uploads\/2022\/12\/YpK8bQ0dRzSOBhK0ic7KQ-1152x1536.jpg 1152w, https:\/\/phigall.be\/wp-content\/uploads\/2022\/12\/YpK8bQ0dRzSOBhK0ic7KQ-1536x2048.jpg 1536w, https:\/\/phigall.be\/wp-content\/uploads\/2022\/12\/YpK8bQ0dRzSOBhK0ic7KQ-scaled.jpg 1920w\" sizes=\"(max-width: 768px) 100vw, 768px\" \/><figcaption class=\"blocks-gallery-item__caption\">Mues<br>Bois Laine 100\/120<\/figcaption><\/figure><\/li><li class=\"blocks-gallery-item\"><figure><img loading=\"lazy\" width=\"768\" height=\"1024\" src=\"http:\/\/phigall.be\/wp-content\/uploads\/2022\/12\/QRheP2NSQQOexK5yOExeSg-768x1024.jpg\" alt=\"\" data-id=\"410\" data-link=\"http:\/\/phigall.be\/index.php\/nuit-des-arts\/qrhep2nsqqoexk5yoexesg\/\" class=\"wp-image-410\" srcset=\"https:\/\/phigall.be\/wp-content\/uploads\/2022\/12\/QRheP2NSQQOexK5yOExeSg-768x1024.jpg 768w, https:\/\/phigall.be\/wp-content\/uploads\/2022\/12\/QRheP2NSQQOexK5yOExeSg-225x300.jpg 225w, https:\/\/phigall.be\/wp-content\/uploads\/2022\/12\/QRheP2NSQQOexK5yOExeSg-1152x1536.jpg 1152w, https:\/\/phigall.be\/wp-content\/uploads\/2022\/12\/QRheP2NSQQOexK5yOExeSg-1536x2048.jpg 1536w, https:\/\/phigall.be\/wp-content\/uploads\/2022\/12\/QRheP2NSQQOexK5yOExeSg-scaled.jpg 1920w\" sizes=\"(max-width: 768px) 100vw, 768px\" \/><figcaption class=\"blocks-gallery-item__caption\">Ensemble Arts de la sc\u00e8ne<\/figcaption><\/figure><\/li><li class=\"blocks-gallery-item\"><figure><img loading=\"lazy\" width=\"1024\" height=\"768\" src=\"http:\/\/phigall.be\/wp-content\/uploads\/2022\/12\/IMG_2651-1024x768.jpg\" alt=\"\" data-id=\"420\" data-full-url=\"http:\/\/phigall.be\/wp-content\/uploads\/2022\/12\/IMG_2651.jpg\" data-link=\"http:\/\/phigall.be\/index.php\/nuit-des-arts\/img_2651\/\" class=\"wp-image-420\" srcset=\"https:\/\/phigall.be\/wp-content\/uploads\/2022\/12\/IMG_2651-1024x768.jpg 1024w, https:\/\/phigall.be\/wp-content\/uploads\/2022\/12\/IMG_2651-300x225.jpg 300w, https:\/\/phigall.be\/wp-content\/uploads\/2022\/12\/IMG_2651-768x576.jpg 768w, https:\/\/phigall.be\/wp-content\/uploads\/2022\/12\/IMG_2651-1536x1151.jpg 1536w\" sizes=\"(max-width: 1024px) 100vw, 1024px\" \/><figcaption class=\"blocks-gallery-item__caption\">Marionnettiste<br>Osier, textile 30\/50<\/figcaption><\/figure><\/li><li class=\"blocks-gallery-item\"><figure><img loading=\"lazy\" width=\"1024\" height=\"768\" src=\"http:\/\/phigall.be\/wp-content\/uploads\/2022\/12\/IMG_2657-1024x768.jpg\" alt=\"\" data-id=\"421\" data-full-url=\"http:\/\/phigall.be\/wp-content\/uploads\/2022\/12\/IMG_2657.jpg\" data-link=\"http:\/\/phigall.be\/index.php\/nuit-des-arts\/img_2657\/\" class=\"wp-image-421\" srcset=\"https:\/\/phigall.be\/wp-content\/uploads\/2022\/12\/IMG_2657-1024x768.jpg 1024w, https:\/\/phigall.be\/wp-content\/uploads\/2022\/12\/IMG_2657-300x225.jpg 300w, https:\/\/phigall.be\/wp-content\/uploads\/2022\/12\/IMG_2657-768x576.jpg 768w, https:\/\/phigall.be\/wp-content\/uploads\/2022\/12\/IMG_2657-1536x1151.jpg 1536w\" sizes=\"(max-width: 1024px) 100vw, 1024px\" \/><figcaption class=\"blocks-gallery-item__caption\">Equilibriste<br>Osier, textile 30\/50<\/figcaption><\/figure><\/li><li class=\"blocks-gallery-item\"><figure><img loading=\"lazy\" width=\"768\" height=\"1024\" src=\"http:\/\/phigall.be\/wp-content\/uploads\/2022\/12\/IMG_2664-768x1024.jpg\" alt=\"\" data-id=\"422\" data-full-url=\"http:\/\/phigall.be\/wp-content\/uploads\/2022\/12\/IMG_2664.jpg\" data-link=\"http:\/\/phigall.be\/index.php\/nuit-des-arts\/img_2664\/\" class=\"wp-image-422\" srcset=\"https:\/\/phigall.be\/wp-content\/uploads\/2022\/12\/IMG_2664-768x1025.jpg 768w, https:\/\/phigall.be\/wp-content\/uploads\/2022\/12\/IMG_2664-225x300.jpg 225w, https:\/\/phigall.be\/wp-content\/uploads\/2022\/12\/IMG_2664-1151x1536.jpg 1151w, https:\/\/phigall.be\/wp-content\/uploads\/2022\/12\/IMG_2664.jpg 1536w\" sizes=\"(max-width: 768px) 100vw, 768px\" \/><figcaption class=\"blocks-gallery-item__caption\">Danse<br>Osier, textile 30\/50<\/figcaption><\/figure><\/li><li class=\"blocks-gallery-item\"><figure><img loading=\"lazy\" width=\"1024\" height=\"768\" src=\"http:\/\/phigall.be\/wp-content\/uploads\/2022\/12\/IMG_2668-1024x768.jpg\" alt=\"\" data-id=\"423\" data-full-url=\"http:\/\/phigall.be\/wp-content\/uploads\/2022\/12\/IMG_2668.jpg\" data-link=\"http:\/\/phigall.be\/index.php\/nuit-des-arts\/img_2668\/\" class=\"wp-image-423\" srcset=\"https:\/\/phigall.be\/wp-content\/uploads\/2022\/12\/IMG_2668-1024x768.jpg 1024w, https:\/\/phigall.be\/wp-content\/uploads\/2022\/12\/IMG_2668-300x225.jpg 300w, https:\/\/phigall.be\/wp-content\/uploads\/2022\/12\/IMG_2668-768x576.jpg 768w, https:\/\/phigall.be\/wp-content\/uploads\/2022\/12\/IMG_2668-1536x1151.jpg 1536w\" sizes=\"(max-width: 1024px) 100vw, 1024px\" \/><figcaption class=\"blocks-gallery-item__caption\">Musique<br>Osier, textile 30\/50<\/figcaption><\/figure><\/li><li class=\"blocks-gallery-item\"><figure><img loading=\"lazy\" width=\"1024\" height=\"768\" src=\"http:\/\/phigall.be\/wp-content\/uploads\/2022\/12\/IMG_2673-1024x768.jpg\" alt=\"\" data-id=\"424\" data-full-url=\"http:\/\/phigall.be\/wp-content\/uploads\/2022\/12\/IMG_2673.jpg\" data-link=\"http:\/\/phigall.be\/index.php\/nuit-des-arts\/img_2673\/\" class=\"wp-image-424\" srcset=\"https:\/\/phigall.be\/wp-content\/uploads\/2022\/12\/IMG_2673-1024x768.jpg 1024w, https:\/\/phigall.be\/wp-content\/uploads\/2022\/12\/IMG_2673-300x225.jpg 300w, https:\/\/phigall.be\/wp-content\/uploads\/2022\/12\/IMG_2673-768x576.jpg 768w, https:\/\/phigall.be\/wp-content\/uploads\/2022\/12\/IMG_2673-1536x1151.jpg 1536w\" sizes=\"(max-width: 1024px) 100vw, 1024px\" \/><figcaption class=\"blocks-gallery-item__caption\">Danse<br>Osier, textile, 30\/50<\/figcaption><\/figure><\/li><\/ul><\/figure>\n","protected":false},"excerpt":{"rendered":"<p>J&#8217;y expose quelques oeuvres textiles dans le magnifique atelier de Delphine Vanpoperinghe-Logi\u00e9! \ud835\udddc \ud835\uddea\ud835\uddd8\ud835\uddd8\ud835\uddde-\ud835\uddd8\ud835\udde1\ud835\uddd7 \ud835\udfed- \ud835\udddd\ud835\udde2\ud835\udde8\ud835\udde5\ud835\uddd8\ud835\udde7 \ud835\uddd8\ud835\udde1\ud835\udde9\ud835\udde2\ud835\udddc\ud835\uddd8 \ud835\uddd7\ud835\udde8 \ud835\uddd5\ud835\udde2\ud835\udddc\ud835\udde6 \ud835\udddc Pour cette 23\u00e8me \u00e9dition de La Nuit des Arts, les Ateliers Jouret ont d\u00e9cid\u00e9 de mettre \u00e0 l&#8217;honneur la sculpture sur bois ! \u279c&nbsp;&nbsp;\ud835\uddd4\ud835\udde8 \ud835\udde3\ud835\udde5\ud835\udde2\ud835\uddda\ud835\udde5\ud835\uddd4\ud835\udde0\ud835\udde0\ud835\uddd8 Samedi 3 D\u00e9cembre : 14h \u00e0 23hDimanche 4 D\u00e9cembre : [&hellip;]<\/p>\n","protected":false},"author":1,"featured_media":0,"parent":0,"menu_order":0,"comment_status":"closed","ping_status":"closed","template":"","meta":{"hide_page_title":""},"_links":{"self":[{"href":"https:\/\/phigall.be\/index.php\/wp-json\/wp\/v2\/pages\/396"}],"collection":[{"href":"https:\/\/phigall.be\/index.php\/wp-json\/wp\/v2\/pages"}],"about":[{"href":"https:\/\/phigall.be\/index.php\/wp-json\/wp\/v2\/types\/page"}],"author":[{"embeddable":true,"href":"https:\/\/phigall.be\/index.php\/wp-json\/wp\/v2\/users\/1"}],"replies":[{"embeddable":true,"href":"https:\/\/phigall.be\/index.php\/wp-json\/wp\/v2\/comments?post=396"}],"version-history":[{"count":4,"href":"https:\/\/phigall.be\/index.php\/wp-json\/wp\/v2\/pages\/396\/revisions"}],"predecessor-version":[{"id":427,"href":"https:\/\/phigall.be\/index.php\/wp-json\/wp\/v2\/pages\/396\/revisions\/427"}],"wp:attachment":[{"href":"https:\/\/phigall.be\/index.php\/wp-json\/wp\/v2\/media?parent=396"}],"curies":[{"name":"wp","href":"https:\/\/api.w.org\/{rel}","templated":true}]}}