{"id":433,"date":"2022-12-13T11:46:54","date_gmt":"2022-12-13T10:46:54","guid":{"rendered":"http:\/\/phigall.be\/?page_id=433"},"modified":"2022-12-13T11:47:36","modified_gmt":"2022-12-13T10:47:36","slug":"creations-vestimentaires","status":"publish","type":"page","link":"https:\/\/phigall.be\/index.php\/creations-vestimentaires\/","title":{"rendered":"Cr\u00e9ations vestimentaires."},"content":{"rendered":"\n<pre class=\"wp-block-preformatted\">De quoi \u00eates-vous v\u00eatues, vous qui \u00eates n\u00e9es nues?\n\nSe sentir belle, se sentir beau.\nValoriser, r\u00e9cup\u00e9rer, retravailler des tissus.\nCr\u00e9er un v\u00eatement hors-norme.\nImaginer un objet textile nouveau.\n\nQue ce soit pour un grand \u00e9v\u00e9nement \nou votre quotidien,\nA partir d'une id\u00e9e pr\u00e9cise \nou d'un flou artistique,\nAvec vos propres tissus \nou juste des envies de couleurs,\n\nSans mesure, sans patron;\nil suffit de suivre le fil de nos id\u00e9es\npour cr\u00e9er un v\u00eatement qui vous sied!<\/pre>\n\n\n\n<figure class=\"wp-block-gallery columns-3 is-cropped\"><ul class=\"blocks-gallery-grid\"><li class=\"blocks-gallery-item\"><figure><img loading=\"lazy\" width=\"291\" height=\"1024\" src=\"http:\/\/phigall.be\/wp-content\/uploads\/2020\/02\/IMG_20200215_135736-291x1024.jpg\" alt=\"\" data-id=\"204\" data-full-url=\"http:\/\/phigall.be\/wp-content\/uploads\/2020\/02\/IMG_20200215_135736-scaled.jpg\" data-link=\"http:\/\/phigall.be\/img_20200215_135736\/\" class=\"wp-image-204\" srcset=\"https:\/\/phigall.be\/wp-content\/uploads\/2020\/02\/IMG_20200215_135736-291x1024.jpg 291w, https:\/\/phigall.be\/wp-content\/uploads\/2020\/02\/IMG_20200215_135736-85x300.jpg 85w, https:\/\/phigall.be\/wp-content\/uploads\/2020\/02\/IMG_20200215_135736-768x2706.jpg 768w, https:\/\/phigall.be\/wp-content\/uploads\/2020\/02\/IMG_20200215_135736-436x1536.jpg 436w, https:\/\/phigall.be\/wp-content\/uploads\/2020\/02\/IMG_20200215_135736-scaled.jpg 727w\" sizes=\"(max-width: 291px) 100vw, 291px\" \/><\/figure><\/li><li class=\"blocks-gallery-item\"><figure><img loading=\"lazy\" width=\"681\" height=\"1024\" src=\"http:\/\/phigall.be\/wp-content\/uploads\/2020\/02\/DSC_0028-1-681x1024.jpg\" alt=\"\" data-id=\"190\" data-full-url=\"http:\/\/phigall.be\/wp-content\/uploads\/2020\/02\/DSC_0028-1-scaled.jpg\" data-link=\"http:\/\/phigall.be\/dsc_0028-1\/\" class=\"wp-image-190\" srcset=\"https:\/\/phigall.be\/wp-content\/uploads\/2020\/02\/DSC_0028-1-681x1024.jpg 681w, https:\/\/phigall.be\/wp-content\/uploads\/2020\/02\/DSC_0028-1-199x300.jpg 199w, https:\/\/phigall.be\/wp-content\/uploads\/2020\/02\/DSC_0028-1-768x1155.jpg 768w, https:\/\/phigall.be\/wp-content\/uploads\/2020\/02\/DSC_0028-1-1021x1536.jpg 1021w, https:\/\/phigall.be\/wp-content\/uploads\/2020\/02\/DSC_0028-1-1362x2048.jpg 1362w, https:\/\/phigall.be\/wp-content\/uploads\/2020\/02\/DSC_0028-1-scaled.jpg 1702w\" sizes=\"(max-width: 681px) 100vw, 681px\" \/><\/figure><\/li><li class=\"blocks-gallery-item\"><figure><img loading=\"lazy\" width=\"683\" height=\"1024\" src=\"http:\/\/phigall.be\/wp-content\/uploads\/2020\/02\/P7100028-683x1024.jpg\" alt=\"\" data-id=\"186\" data-full-url=\"http:\/\/phigall.be\/wp-content\/uploads\/2020\/02\/P7100028-scaled.jpg\" data-link=\"http:\/\/phigall.be\/olympus-digital-camera-8\/\" class=\"wp-image-186\" srcset=\"https:\/\/phigall.be\/wp-content\/uploads\/2020\/02\/P7100028-683x1024.jpg 683w, https:\/\/phigall.be\/wp-content\/uploads\/2020\/02\/P7100028-200x300.jpg 200w, https:\/\/phigall.be\/wp-content\/uploads\/2020\/02\/P7100028-768x1152.jpg 768w, https:\/\/phigall.be\/wp-content\/uploads\/2020\/02\/P7100028-1024x1536.jpg 1024w, https:\/\/phigall.be\/wp-content\/uploads\/2020\/02\/P7100028-1365x2048.jpg 1365w, https:\/\/phigall.be\/wp-content\/uploads\/2020\/02\/P7100028-scaled.jpg 1707w\" sizes=\"(max-width: 683px) 100vw, 683px\" \/><\/figure><\/li><li class=\"blocks-gallery-item\"><figure><img loading=\"lazy\" width=\"768\" height=\"1024\" src=\"http:\/\/phigall.be\/wp-content\/uploads\/2020\/02\/DSCF1531-1-768x1024.jpg\" alt=\"\" data-id=\"183\" data-full-url=\"http:\/\/phigall.be\/wp-content\/uploads\/2020\/02\/DSCF1531-1-scaled.jpg\" data-link=\"http:\/\/phigall.be\/dscf1531-2\/\" class=\"wp-image-183\" srcset=\"https:\/\/phigall.be\/wp-content\/uploads\/2020\/02\/DSCF1531-1-768x1024.jpg 768w, https:\/\/phigall.be\/wp-content\/uploads\/2020\/02\/DSCF1531-1-225x300.jpg 225w, https:\/\/phigall.be\/wp-content\/uploads\/2020\/02\/DSCF1531-1-1152x1536.jpg 1152w, https:\/\/phigall.be\/wp-content\/uploads\/2020\/02\/DSCF1531-1-1536x2048.jpg 1536w, https:\/\/phigall.be\/wp-content\/uploads\/2020\/02\/DSCF1531-1-scaled.jpg 1920w\" sizes=\"(max-width: 768px) 100vw, 768px\" \/><\/figure><\/li><li class=\"blocks-gallery-item\"><figure><img loading=\"lazy\" width=\"1024\" height=\"686\" src=\"http:\/\/phigall.be\/wp-content\/uploads\/2020\/02\/DSC_0161-1024x686.jpg\" alt=\"\" data-id=\"181\" data-full-url=\"http:\/\/phigall.be\/wp-content\/uploads\/2020\/02\/DSC_0161.jpg\" data-link=\"http:\/\/phigall.be\/dsc_0161\/\" class=\"wp-image-181\" srcset=\"https:\/\/phigall.be\/wp-content\/uploads\/2020\/02\/DSC_0161-1024x686.jpg 1024w, https:\/\/phigall.be\/wp-content\/uploads\/2020\/02\/DSC_0161-300x201.jpg 300w, https:\/\/phigall.be\/wp-content\/uploads\/2020\/02\/DSC_0161-768x514.jpg 768w, https:\/\/phigall.be\/wp-content\/uploads\/2020\/02\/DSC_0161.jpg 1278w\" sizes=\"(max-width: 1024px) 100vw, 1024px\" \/><\/figure><\/li><li class=\"blocks-gallery-item\"><figure><img loading=\"lazy\" width=\"681\" height=\"1024\" src=\"http:\/\/phigall.be\/wp-content\/uploads\/2020\/02\/DSC_0042-2-681x1024.jpg\" alt=\"\" data-id=\"178\" data-full-url=\"http:\/\/phigall.be\/wp-content\/uploads\/2020\/02\/DSC_0042-2-scaled.jpg\" data-link=\"http:\/\/phigall.be\/dsc_0042-2\/\" class=\"wp-image-178\" srcset=\"https:\/\/phigall.be\/wp-content\/uploads\/2020\/02\/DSC_0042-2-681x1024.jpg 681w, https:\/\/phigall.be\/wp-content\/uploads\/2020\/02\/DSC_0042-2-199x300.jpg 199w, https:\/\/phigall.be\/wp-content\/uploads\/2020\/02\/DSC_0042-2-768x1155.jpg 768w, https:\/\/phigall.be\/wp-content\/uploads\/2020\/02\/DSC_0042-2-1021x1536.jpg 1021w, https:\/\/phigall.be\/wp-content\/uploads\/2020\/02\/DSC_0042-2-1362x2048.jpg 1362w, https:\/\/phigall.be\/wp-content\/uploads\/2020\/02\/DSC_0042-2-scaled.jpg 1702w\" sizes=\"(max-width: 681px) 100vw, 681px\" \/><\/figure><\/li><li class=\"blocks-gallery-item\"><figure><img loading=\"lazy\" width=\"681\" height=\"1024\" src=\"http:\/\/phigall.be\/wp-content\/uploads\/2020\/02\/DSC_0009-681x1024.jpg\" alt=\"\" data-id=\"176\" data-full-url=\"http:\/\/phigall.be\/wp-content\/uploads\/2020\/02\/DSC_0009-scaled.jpg\" data-link=\"http:\/\/phigall.be\/dsc_0009\/\" class=\"wp-image-176\" srcset=\"https:\/\/phigall.be\/wp-content\/uploads\/2020\/02\/DSC_0009-681x1024.jpg 681w, https:\/\/phigall.be\/wp-content\/uploads\/2020\/02\/DSC_0009-199x300.jpg 199w, https:\/\/phigall.be\/wp-content\/uploads\/2020\/02\/DSC_0009-768x1155.jpg 768w, https:\/\/phigall.be\/wp-content\/uploads\/2020\/02\/DSC_0009-1021x1536.jpg 1021w, https:\/\/phigall.be\/wp-content\/uploads\/2020\/02\/DSC_0009-1362x2048.jpg 1362w, https:\/\/phigall.be\/wp-content\/uploads\/2020\/02\/DSC_0009-scaled.jpg 1702w\" sizes=\"(max-width: 681px) 100vw, 681px\" \/><\/figure><\/li><li class=\"blocks-gallery-item\"><figure><img loading=\"lazy\" width=\"563\" height=\"845\" src=\"http:\/\/phigall.be\/wp-content\/uploads\/2020\/02\/P4060101.jpg\" alt=\"\" data-id=\"172\" data-full-url=\"http:\/\/phigall.be\/wp-content\/uploads\/2020\/02\/P4060101.jpg\" data-link=\"http:\/\/phigall.be\/p4060101\/\" class=\"wp-image-172\" srcset=\"https:\/\/phigall.be\/wp-content\/uploads\/2020\/02\/P4060101.jpg 563w, https:\/\/phigall.be\/wp-content\/uploads\/2020\/02\/P4060101-200x300.jpg 200w\" sizes=\"(max-width: 563px) 100vw, 563px\" \/><\/figure><\/li><li class=\"blocks-gallery-item\"><figure><img loading=\"lazy\" width=\"563\" height=\"845\" src=\"http:\/\/phigall.be\/wp-content\/uploads\/2020\/02\/P4060135.jpg\" alt=\"\" data-id=\"171\" data-full-url=\"http:\/\/phigall.be\/wp-content\/uploads\/2020\/02\/P4060135.jpg\" data-link=\"http:\/\/phigall.be\/p4060135\/\" class=\"wp-image-171\" srcset=\"https:\/\/phigall.be\/wp-content\/uploads\/2020\/02\/P4060135.jpg 563w, https:\/\/phigall.be\/wp-content\/uploads\/2020\/02\/P4060135-200x300.jpg 200w\" sizes=\"(max-width: 563px) 100vw, 563px\" \/><\/figure><\/li><\/ul><\/figure>\n","protected":false},"excerpt":{"rendered":"<p>De quoi \u00eates-vous v\u00eatues, vous qui \u00eates n\u00e9es nues? Se sentir belle, se sentir beau. Valoriser, r\u00e9cup\u00e9rer, retravailler des tissus. Cr\u00e9er un v\u00eatement hors-norme. Imaginer un objet textile nouveau. Que ce soit pour un grand \u00e9v\u00e9nement ou votre quotidien, A partir d&#8217;une id\u00e9e pr\u00e9cise ou d&#8217;un flou artistique, Avec vos propres tissus ou juste des [&hellip;]<\/p>\n","protected":false},"author":1,"featured_media":0,"parent":0,"menu_order":0,"comment_status":"closed","ping_status":"closed","template":"","meta":{"hide_page_title":""},"_links":{"self":[{"href":"https:\/\/phigall.be\/index.php\/wp-json\/wp\/v2\/pages\/433"}],"collection":[{"href":"https:\/\/phigall.be\/index.php\/wp-json\/wp\/v2\/pages"}],"about":[{"href":"https:\/\/phigall.be\/index.php\/wp-json\/wp\/v2\/types\/page"}],"author":[{"embeddable":true,"href":"https:\/\/phigall.be\/index.php\/wp-json\/wp\/v2\/users\/1"}],"replies":[{"embeddable":true,"href":"https:\/\/phigall.be\/index.php\/wp-json\/wp\/v2\/comments?post=433"}],"version-history":[{"count":3,"href":"https:\/\/phigall.be\/index.php\/wp-json\/wp\/v2\/pages\/433\/revisions"}],"predecessor-version":[{"id":436,"href":"https:\/\/phigall.be\/index.php\/wp-json\/wp\/v2\/pages\/433\/revisions\/436"}],"wp:attachment":[{"href":"https:\/\/phigall.be\/index.php\/wp-json\/wp\/v2\/media?parent=433"}],"curies":[{"name":"wp","href":"https:\/\/api.w.org\/{rel}","templated":true}]}}