{"id":477,"date":"2024-07-11T13:05:16","date_gmt":"2024-07-11T11:05:16","guid":{"rendered":"http:\/\/phigall.be\/?page_id=477"},"modified":"2025-01-16T14:04:11","modified_gmt":"2025-01-16T13:04:11","slug":"agenda-2024-2025","status":"publish","type":"page","link":"https:\/\/phigall.be\/index.php\/agenda-2024-2025\/","title":{"rendered":"Agenda 2024-2025"},"content":{"rendered":"\n<figure class=\"wp-block-table\"><table><tbody><tr><td class=\"has-text-align-left\" data-align=\"left\"><strong>Mercredi<\/strong><\/td><td class=\"has-text-align-left\" data-align=\"left\"><strong>Jeudi<\/strong><\/td><td><strong>Samedi<\/strong><\/td><td><strong>Dimanche<\/strong><\/td><\/tr><tr><td class=\"has-text-align-left\" data-align=\"left\"><strong>Atelier Fil<\/strong> adultes<br>P\u00e9ruwelz<\/td><td class=\"has-text-align-left\" data-align=\"left\"><strong>Danse<\/strong> cr\u00e9ative <br>adultes <br>Peruwelz<br><br><strong>Lire, \u00c9crire, Partager<\/strong> <br>adultes<br>Tournai<\/td><td><br><strong>Atelier Danse<\/strong><br>Enfants<br>Tournai<br><br><strong>Visites-Conf\u00e9rences<\/strong><br>Familles<br>Tournai<br><br><strong>Renc&#8217;Art \u00e0 Guignies<\/strong><br>Octobre<br>Guignies<br><\/td><td><strong>Cie Air Neuf<\/strong><br>adultes<br>Charleroi<\/td><\/tr><\/tbody><\/table><\/figure>\n\n\n\n<p><\/p>\n\n\n\n<p class=\"has-large-font-size\"><a rel=\"noreferrer noopener\" href=\"https:\/\/www.arr\u00eat59.be\/atelier\/fil\/\" target=\"_blank\">Atelier Fil<\/a> &#8211; adultes<\/p>\n\n\n\n<p>Prenons le fil \u00e0 pleine main et croisons diverses techniques traditionnelles pour en inventer des nouvelles ! Qu\u2019elles soient grandes ou petites, s\u00e9rieuses ou loufoques, nous concr\u00e9tiserons nos id\u00e9es artistiques dans une ambiance conviviale et bienveillante. Un atelier pour tisser des liens.<\/p>\n\n\n\n<p>Mercredi, 10-12h<\/p>\n\n\n\n<p>D\u00e8s 18 ans<\/p>\n\n\n\n<p>2Euro\/s\u00e9ance<\/p>\n\n\n\n<p>Arr\u00eat 59 &#8211; Centre culturel, 59, Rue des Fran\u00e7ais -7600 P\u00e9ruwelz<\/p>\n\n\n\n<p><\/p>\n\n\n\n<p class=\"has-large-font-size\"><a rel=\"noreferrer noopener\" href=\"https:\/\/www.arr\u00eat59.be\/atelier\/danse-creative\/\" target=\"_blank\">Atelier Danse cr\u00e9ative<\/a> &#8211; adultes<\/p>\n\n\n\n<p>Envie de bouger, d\u2019improviser, de partager et de cr\u00e9er nos propres danses, en toute bienveillance. Bienvenue !&nbsp;<\/p>\n\n\n\n<p>Un module de 10 s\u00e9ances pour explorer la th\u00e9matique \u00ab&nbsp;Au travail, les femmes!&nbsp;\u00bb avec la danse comme moyen d\u2019expression.&nbsp;<\/p>\n\n\n\n<p><\/p>\n\n\n\n<p>Jeudi, 10-12h &#8211; 10 s\u00e9ances<\/p>\n\n\n\n<p>80 euros<\/p>\n\n\n\n<p>Arr\u00eat 59 &#8211; Centre culturel, 59, Rue des Fran\u00e7ais -7600 P\u00e9ruwelz<\/p>\n\n\n\n<p><\/p>\n\n\n\n<p class=\"has-large-font-size\">Atelier Danse &#8211; <a href=\"https:\/\/www.maisonculturetournai.com\/programme\/stages-ateliers\/danse-creative-4-5-ans\">4\/5 ans<\/a> et <a rel=\"noreferrer noopener\" href=\"https:\/\/www.maisonculturetournai.com\/programme\/stages-ateliers\/danse-creative-6-8-ans\" target=\"_blank\">6\/8 ans<\/a><\/p>\n\n\n\n<p>La danse comme premier langage<br>Viens d\u00e9velopper ta motricit\u00e9 et explorer la danse comme moyen d\u2019expression. Gr\u00e2ce \u00e0 ton imagination, au mouvement dans\u00e9, tu prends conscience de ton corps, de l\u2019espace qui t\u2019entoure et tu tisses des liens avec les autres.<br>Dans cet atelier, tu cr\u00e9es tes propres danses, des dialogues que tu partages avec le groupe et tu participes \u00e0 une cr\u00e9ation collective qui sera pr\u00e9sent\u00e9e \u00e0 la f\u00eate des ateliers en fin de saison. Cet atelier te permet de danser, bouger et t\u2019amuser dans la joie et en toute simplicit\u00e9 !<\/p>\n\n\n\n<p><\/p>\n\n\n\n<p>Samedi, 10-11h et 11-12h<\/p>\n\n\n\n<p>130euros\/ann\u00e9e<\/p>\n\n\n\n<p>Maison de la Culture de Tournai, Esplanade George Grard, Avenue des Fr\u00e8res Rimbaut 2&nbsp;7500 Tournai<\/p>\n\n\n\n<p><\/p>\n\n\n\n<p class=\"has-large-font-size\"><a rel=\"noreferrer noopener\" href=\"https:\/\/www.maisonculturetournai.com\/programme\/stages-ateliers\/lire-ecrire-et-partager\" target=\"_blank\">Atelier Lire, \u00c9crire, Partager<\/a> &#8211; adultes<\/p>\n\n\n\n<p>Un lieu propice pour lire et \u00e9crire ensemble<\/p>\n\n\n\n<p>Chaque s\u00e9ance est consacr\u00e9e \u00e0 une th\u00e9matique particuli\u00e8re d\u00e9termin\u00e9e par le groupe et nourrie par les textes \u00e9crits, lus et partag\u00e9s.<br>Autour de sujets pass\u00e9s, pr\u00e9sents ou futurs, proches ou lointains, r\u00e9els ou imaginaires, personnels ou collectifs, s\u00e9rieux<br>ou dr\u00f4les : venez prendre le temps d\u2019\u00e9crire, de lire et d\u2019\u00e9changer perceptions et r\u00e9flexions dans un esprit de bienveillance, de<br>confiance et d\u2019ouverture. Le groupe se rencontre autour de l\u2019envie commune d\u2019interroger, d\u2019argumenter et de trouver les mots pour \u00e9crire.<\/p>\n\n\n\n<p><\/p>\n\n\n\n<p>Jeudi, 18-20h<\/p>\n\n\n\n<p>130euros\/an<\/p>\n\n\n\n<p>Maison de la Culture de Tournai, Esplanade George Grard, Avenue des Fr\u00e8res Rimbaut 2&nbsp;7500 Tournai<\/p>\n\n\n\n<p><\/p>\n\n\n\n<p class=\"has-large-font-size\"><a rel=\"noreferrer noopener\" href=\"https:\/\/mufim.tournai.be\/agenda-du-mufim\/visite-guidee-recherche-en-cours-femmes-daffaires-a-tournai-xixe-xxe-siecles-1\" target=\"_blank\">Visite-Conf\u00e9rence &#8220;Jouer! Une histoire d&#8217;enfance&#8221;<\/a> &#8211; familles<\/p>\n\n\n\n<p>Depuis toujours, le jeu fait pleinement partie de l&#8217;enfance. Jeux libres, jeux de soci\u00e9t\u00e9, jeux d&#8217;imitation, jeux ext\u00e9rieurs, jeux collectifs, jeux solitaires, jeux en bois, jeux coop\u00e9ratifs, d&#8217;apprentissage, jeux de filles, jeux de gar\u00e7ons&#8230;&nbsp; Quelle que soit sa forme, le jeu fa\u00e7onne l&#8217;identit\u00e9 de l&#8217;enfant et sa mani\u00e8re d&#8217;\u00eatre au monde. Il est aussi une reproduction miniature de la soci\u00e9t\u00e9 dans laquelle il \u00e9volue. \u00c0 partir de la collection de jeux des 19<sup>e<\/sup>&nbsp;et 20<sup>e<\/sup>&nbsp;si\u00e8cles du MuFIm, Philom\u00e8ne Gallez interroge le jeu et ce qu&#8217;il d\u00e9voile de notre histoire partag\u00e9e.<\/p>\n\n\n\n<p>Samedi <strong><strong>15 mars, 31 mai et 29 novembre<\/strong><\/strong> \u00e0 15h00<\/p>\n\n\n\n<p>5euro\/personne<\/p>\n\n\n\n<p>Mus\u00e9e du Folklore et des Imaginaires &#8211; R\u00e9duit des Sions 36 &#8211; 7500 Tournai<\/p>\n\n\n\n<p><\/p>\n\n\n\n<p class=\"has-large-font-size\"><a href=\"https:\/\/rencartaguignies.wixsite.com\/rencartaguignies\/performancechor\u00e9graphique\" target=\"_blank\" rel=\"noreferrer noopener\">&#8220;Tempo&#8221; &#8211; performance dans\u00e9e &#8211; familles<\/a><\/p>\n\n\n\n<p>Dans le cadre de l&#8217;exposition &#8220;De temps en temps&#8221;, la performance &#8220;Tempo&#8221; vous convie \u00e0 un voyage dans\u00e9. <\/p>\n\n\n\n<p><strong>Par des jeux de corps en mouvement, des ombres qu\u2019ils projettent et des traces qu\u2019ils laissent, les deux artistes en pr\u00e9sence interrogent ce temps qui passe inexorablement.<\/strong><\/p>\n\n\n\n<p><strong>Que reste-t-il de notre danse?<\/strong><\/p>\n\n\n\n<p><strong>Un soupir, une image, une \u00e9motion, un silence<\/strong><\/p>\n\n\n\n<p><strong>ou rien de tout cela et tout autre chose?<\/strong><\/p>\n\n\n\n<p>Par Elsa et Philom\u00e8ne Gallez<\/p>\n\n\n\n<p><\/p>\n\n\n\n<p>Le 12 et 19 octobre, 15h et 17h<\/p>\n\n\n\n<p>30 rue de la brasserie &#8211; 7620 GUIGNIES<\/p>\n\n\n\n<p><\/p>\n\n\n\n<p class=\"has-large-font-size\"><a rel=\"noreferrer noopener\" href=\"https:\/\/www.mouvance-asbl.be\/cie-air-neuf\" target=\"_blank\">Compagnie Air Neuf<\/a> &#8211; adultes<\/p>\n\n\n\n<p>La Compagnie AirNeuf &#8211; <a href=\"https:\/\/www.mouvance-asbl.be\" target=\"_blank\" rel=\"noreferrer noopener\">de l&#8217;asbl Mouvance<\/a> &#8211; est une compagnie de danse pour amateurs. Elle se con\u00e7oit comme un terrain de d\u00e9veloppement et d\u2019expression d\u2019une conscience citoyenne. L\u2019objectif est de cr\u00e9er, par le biais de la danse, une v\u00e9ritable collectivit\u00e9 investie dans une d\u00e9marche de citoyennet\u00e9 active.&nbsp;Destin\u00e9e aux filles et gar\u00e7ons, ronds et minces, novices et mordus, et sans limite d\u2019\u00e2ge, la danse contemporaine a la vertu de rassembler les gens et les genres.&nbsp;C\u2019est par ce biais, qu\u2019ensemble, les membres du collectif sont invit\u00e9s \u00e0 s\u2019engager dans une r\u00e9flexion citoyennne et la cr\u00e9ation d\u2019actions artistiques publiques. Bienvenue!<\/p>\n\n\n\n<p>2 dimanche\/mois<\/p>\n\n\n\n<p>Gratuit<\/p>\n\n\n\n<p><strong>MOC CHARLEROI-THUIN<\/strong>&nbsp;&#8211;&nbsp;Boulevard Tirou, 167 &#8211;&nbsp;6000 Charleroi<\/p>\n\n\n\n<p><\/p>\n\n\n\n<p class=\"has-large-font-size\"><a rel=\"noreferrer noopener\" href=\"https:\/\/www.maisonculturetournai.com\/programme\/stages-ateliers\/stage-maison-de-la-mort-qui-tue\" target=\"_blank\">Stage &#8220;La Mort qui tue&#8221;<\/a> &#8211; enfants<\/p>\n\n\n\n<p>Le rituel s\u2019installe : pars \u00e0 la d\u00e9couverte de la traditionnelle f\u00eate des mort\u00b7es au Mexique.<br>&nbsp;Pendant ce stage, tu fabriques des objets en c\u00e9ramique pour garnir l\u2019autel des enfants ; tu imagines ton costume, et tu apprends les mouvements pour prendre part \u00e0 la grande parade.&nbsp;Au programme : c\u00e9ramique, modelage, danses, maquillages, contes, costumes\u2026<br>En cl\u00f4ture du stage : grand cort\u00e8ge-spectacle du Festival La mort qui tue le samedi 26.10 (d\u00e9part de la maison de la culture).<\/p>\n\n\n\n<p>21-25 octobre 2024<\/p>\n\n\n\n<p>Maison de la Culture de Tournai, Esplanade George Grard, Avenue des Fr\u00e8res Rimbaut 2&nbsp;7500 Tournai<\/p>\n\n\n\n<p><\/p>\n\n\n\n<p class=\"has-large-font-size\"><a href=\"https:\/\/www.arr\u00eat59.be\/atelier\/stage-de-printemps-2025-reinvente-ta-ville\/\" target=\"_blank\" rel=\"noreferrer noopener\">Stage &#8220;R\u00e9invente ta ville&#8221;!<\/a> &#8211; enfants<\/p>\n\n\n\n<p>Pars \u00e0 la d\u00e9couverte du parcours d\u2019\u0153uvres \u00ab&nbsp;L\u2019\u00c9chapp\u00e9e&nbsp;\u00bb install\u00e9 dans P\u00e9ruwelz d\u00e8s le premier jour !<\/p>\n\n\n\n<p>\u00c0 travers des ateliers ludiques, tu pourras d\u00e9couvrir les techniques de danse et d\u2019art plastique utilis\u00e9 par les artistes de L\u2019\u00c9chapp\u00e9e.<br>\u00c0 toi de r\u00e9interpr\u00e9ter ces \u0153uvres en mouvement et en cr\u00e9ation !<br>En danse, tu t\u2019inspires de cet \u00ab&nbsp;\u00e9chapp\u00e9e&nbsp;\u00bb pour imaginer ton propre trajet, tes propres mouvements.<br>En art plastique, tu cr\u00e9eras des traces et des \u0153uvres inspir\u00e9es par cette m\u00eame th\u00e9matique.<\/p>\n\n\n\n<p>Rejoins-nous pour toi aussi d\u00e9couvrir, cr\u00e9er et r\u00e9inventer ton patrimoine local !<\/p>\n\n\n\n<p>\u2013 visite anim\u00e9e de l\u2019\u00e9chapp\u00e9e (parcours artistique en ext\u00e9rieur)<br>\u2013 ateliers danse<br>\u2013 ateliers arts plastiques<br>\u2013 moments en ext\u00e9rieur\u00a0<\/p>\n\n\n\n<p>5 &#8211; 9 mai 2025 &#8211; 80E<\/p>\n\n\n\n<p>Arr\u00eat 59 &#8211; Centre culturel et CEC asbl &#8211; Rue des Fran\u00e7ais, 59 &#8211; 7600 P\u00c9RUWELZ (BE)<\/p>\n","protected":false},"excerpt":{"rendered":"<p>Mercredi Jeudi Samedi Dimanche Atelier Fil adultesP\u00e9ruwelz Danse cr\u00e9ative adultes Peruwelz Lire, \u00c9crire, Partager adultesTournai Atelier DanseEnfantsTournai Visites-Conf\u00e9rencesFamillesTournai Renc&#8217;Art \u00e0 GuigniesOctobreGuignies Cie Air NeufadultesCharleroi Atelier Fil &#8211; adultes Prenons le fil \u00e0 pleine main et croisons diverses techniques traditionnelles pour en inventer des nouvelles ! Qu\u2019elles soient grandes ou petites, s\u00e9rieuses ou loufoques, nous concr\u00e9tiserons [&hellip;]<\/p>\n","protected":false},"author":1,"featured_media":0,"parent":0,"menu_order":0,"comment_status":"closed","ping_status":"closed","template":"","meta":{"hide_page_title":""},"_links":{"self":[{"href":"https:\/\/phigall.be\/index.php\/wp-json\/wp\/v2\/pages\/477"}],"collection":[{"href":"https:\/\/phigall.be\/index.php\/wp-json\/wp\/v2\/pages"}],"about":[{"href":"https:\/\/phigall.be\/index.php\/wp-json\/wp\/v2\/types\/page"}],"author":[{"embeddable":true,"href":"https:\/\/phigall.be\/index.php\/wp-json\/wp\/v2\/users\/1"}],"replies":[{"embeddable":true,"href":"https:\/\/phigall.be\/index.php\/wp-json\/wp\/v2\/comments?post=477"}],"version-history":[{"count":15,"href":"https:\/\/phigall.be\/index.php\/wp-json\/wp\/v2\/pages\/477\/revisions"}],"predecessor-version":[{"id":503,"href":"https:\/\/phigall.be\/index.php\/wp-json\/wp\/v2\/pages\/477\/revisions\/503"}],"wp:attachment":[{"href":"https:\/\/phigall.be\/index.php\/wp-json\/wp\/v2\/media?parent=477"}],"curies":[{"name":"wp","href":"https:\/\/api.w.org\/{rel}","templated":true}]}}