{"id":502,"date":"2025-07-11T13:20:47","date_gmt":"2025-07-11T11:20:47","guid":{"rendered":"http:\/\/phigall.be\/?page_id=502"},"modified":"2025-09-24T18:26:44","modified_gmt":"2025-09-24T16:26:44","slug":"agenda-2025-2026","status":"publish","type":"page","link":"https:\/\/phigall.be\/index.php\/agenda-2025-2026\/","title":{"rendered":"Agenda 2025-2026"},"content":{"rendered":"\n<figure class=\"wp-block-table is-style-regular\"><table><tbody><tr><td>Mardi<\/td><td>10-12h <br><strong>Danse Cr\u00e9ative<\/strong> &#8211; Adultes<br>P\u00e9ruwelz<\/td><td><\/td><\/tr><tr><td>Mercredi <br><\/td><td>10-12h<br><strong>Fil<\/strong> &#8211; Adultes<br>P\u00e9ruwelz<\/td><td>18-20h<br><strong>Lire, \u00c9crire, Partager<\/strong> &#8211; Adultes<br>Tournai<\/td><\/tr><tr><td>Jeudi<\/td><td>10-12h<br>Danse cr\u00e9ative et <strong>BMC<\/strong>\u00ae &#8211; Adultes<br>Tournai<\/td><td><\/td><\/tr><tr><td>Samedi<\/td><td>15h<br><strong>Visites<\/strong>-Conf\u00e9rences &#8211; Familles<br>Tournai<\/td><td>11-18h<br><strong>Renc&#8217;Art<\/strong> <strong>\u00e0 Guignies<\/strong> \/ Octobre<br>Guignies<\/td><\/tr><tr><td>Dimanche<\/td><td>10h30-16h30<br><strong>Compagnie Air Neuf<\/strong> &#8211; Adultes<br>Charleroi<\/td><td>11h-18h<br><strong>Renc&#8217;Art<\/strong> <strong>\u00e0 Guignies<\/strong> \/ Octobre<br>Guignies<\/td><\/tr><\/tbody><\/table><\/figure>\n\n\n\n<h5 id=\"block-af389dc9-0bac-4116-a723-fcf90c31b32e\"><a href=\"https:\/\/www.arr\u00eat59.be\/atelier\/danse-creative-2\/\" target=\"_blank\" rel=\"noreferrer noopener\">Atelier Danse cr\u00e9ative<\/a> &#8211; Adultes &#8211; Arr\u00eat 59 &#8211; P\u00e9ruwelz<\/h5>\n\n\n\n<p id=\"block-d405b95e-1574-47b4-bb29-c63920509ba9\">Inspir\u00e9 de diverses techniques de mise en mouvement libre, l\u2019atelier de danse cr\u00e9ative se veut laboratoire artistique sur la th\u00e9matique du \u00ab&nbsp;Temps&nbsp;\u00bb avec la danse comme moyen d\u2019expression.<br>Envie de bouger, d\u2019improviser, de partager et de cr\u00e9er nos propres danses, individuelles et collectives, en toute bienveillance ?<br>Bienvenue !<br>Aucun pr\u00e9requis n\u00e9cessaire.<\/p>\n\n\n\n<p id=\"block-aa8f346f-1071-4607-8cec-c7f037701a42\">Mardi, 10-12h<\/p>\n\n\n\n<p id=\"block-0959e73f-bb6f-4bce-a71b-b9d8cc2d4ab8\">160 euros<\/p>\n\n\n\n<p id=\"block-69d1e76e-cf85-4c93-a1b5-a572fe333698\">Arr\u00eat 59 &#8211; Centre culturel, 59, Rue des Fran\u00e7ais -7600 P\u00e9ruwelz<\/p>\n\n\n\n<p><\/p>\n\n\n\n<p><\/p>\n\n\n\n<h5><a rel=\"noreferrer noopener\" href=\"https:\/\/www.arr\u00eat59.be\/atelier\/fil\/\" target=\"_blank\">Atelier Fil<\/a> &#8211; Adultes &#8211; Arr\u00eat 59 &#8211; P\u00e9ruwelz<\/h5>\n\n\n\n<p>Prenons le fil \u00e0 pleine main et croisons diverses techniques traditionnelles pour en inventer des nouvelles !&nbsp;<\/p>\n\n\n\n<p>Qu\u2019elles soient grandes ou petites, s\u00e9rieuses ou loufoques, nous concr\u00e9tiserons nos id\u00e9es artistiques dans une ambiance conviviale et bienveillante.&nbsp;<\/p>\n\n\n\n<p>Un atelier pour tisser des liens !<\/p>\n\n\n\n<p>Mercredi, 10-12h<\/p>\n\n\n\n<p>D\u00e8s 18 ans<\/p>\n\n\n\n<p>3Euro \/ s\u00e9ance<\/p>\n\n\n\n<p>Arr\u00eat 59 &#8211; Centre culturel, 59, Rue des Fran\u00e7ais -7600 P\u00e9ruwelz<\/p>\n\n\n\n<p><\/p>\n\n\n\n<p class=\"has-large-font-size\"><a rel=\"noreferrer noopener\" href=\"https:\/\/www.maisonculturetournai.com\/programme\/stages-ateliers\/lire-ecrire-et-partager\" target=\"_blank\">Atelier Lire, \u00c9crire, Partager<\/a> &#8211; Adultes &#8211; Maison de la Culture &#8211; Tournai<\/p>\n\n\n\n<p>Un lieu propice pour lire et \u00e9crire ensemble<\/p>\n\n\n\n<p>Chaque s\u00e9ance est consacr\u00e9e \u00e0 une th\u00e9matique particuli\u00e8re d\u00e9termin\u00e9e par le groupe et nourrie par les textes \u00e9crits, lus et partag\u00e9s.<br>Autour de sujets pass\u00e9s, pr\u00e9sents ou futurs, proches ou lointains, r\u00e9els ou imaginaires, personnels ou collectifs, s\u00e9rieux<br>ou dr\u00f4les : venez prendre le temps d\u2019\u00e9crire, de lire et d\u2019\u00e9changer perceptions et r\u00e9flexions dans un esprit de bienveillance, de<br>confiance et d\u2019ouverture. Le groupe se rencontre autour de l\u2019envie commune d\u2019interroger, d\u2019argumenter et de trouver les mots pour \u00e9crire.<\/p>\n\n\n\n<p><\/p>\n\n\n\n<p>Jeudi, 18-20h<\/p>\n\n\n\n<p>150euros\/an<\/p>\n\n\n\n<p>Maison de la Culture de Tournai, Esplanade George Grard, Avenue des Fr\u00e8res Rimbaut 2&nbsp;7500 Tournai<\/p>\n\n\n\n<p><\/p>\n\n\n\n<h5>Atelier Danse cr\u00e9ative et BMC\u00ae &#8211; Adultes &#8211; Hall des Sports &#8211; Tournai<\/h5>\n\n\n\n<p><em>La pratique du BodyMindCentering<\/em><em>\u00ae est un outil formidable de connais<\/em>&nbsp;<em>sance de soi, de notre relation aux autres et \u00e0 notre environnement et un terreau fertile pour d\u00e9velopper notre cr\u00e9ativit\u00e9. En croisant l\u2019improvisation dans\u00e9e guid\u00e9e, le toucher, l\u2019imaginaire et les atlas d\u2019anatomie, nous d\u00e9couvrons les diff\u00e9rents syst\u00e8mes de notre corps et leur d\u00e9veloppement. Nos mouvements se pr\u00e9cisent autant qu\u2019ils se diversifient. Nos corps en mouvement, quels qu\u2019ils soient, sont fabuleux et riches d\u2019enseignement&nbsp;!&nbsp;<\/em><\/p>\n\n\n\n<p><em>Con\u00e7u par Bonnie Bainbridge Cohen aux \u00c9tats-Unis dans les ann\u00e9es 1980 et li\u00e9 au d\u00e9veloppement du Contact Improvisation, le&nbsp;<\/em><em>BodyMindCentering<\/em><em>\u00ae appartient au&nbsp;&nbsp;large<\/em><em>&nbsp;champ de l\u2019\u00e9ducation somatique. En ce sens, elle rejoint l\u2019ensemble des m\u00e9thodes qui travaillent \u00e0 partir des corps v\u00e9cus pour \u00e9largir le sens et la conscience de soi, des autres et de nos environnements.<\/em><\/p>\n\n\n\n<p>18 septembre, 16 octobre, 20 novembre, 2 d\u00e9cembre &#8211;&nbsp;<em>Sentir, Ressentir, Agir<\/em><\/p>\n\n\n\n<p>15 janvier, 5 f\u00e9vrier, 19 mars, 16 avril, 21 mai, 18 juin &#8211;&nbsp;<em>Ce que nous sommes<\/em><\/p>\n\n\n\n<p><strong>Prix en conscience<\/strong>&nbsp;: 15-18-20\u20ac\/s\u00e9ance &#8211;&nbsp;140-160-180\u20ac\/ann\u00e9e<\/p>\n\n\n\n<p>&nbsp;&nbsp;&nbsp;&nbsp;&nbsp;&nbsp;&nbsp;&nbsp;&nbsp;&nbsp;&nbsp;&nbsp;&nbsp;&nbsp;&nbsp;\u00c0 verser sur le compte&nbsp;: BE47 1030 6530 1680<\/p>\n\n\n\n<p>&nbsp;&nbsp;&nbsp;&nbsp;&nbsp;&nbsp;&nbsp;&nbsp;&nbsp;&nbsp;&nbsp;&nbsp;&nbsp;&nbsp;&nbsp;Ou en esp\u00e8ce le jour de l\u2019atelier<\/p>\n\n\n\n<p><strong>Inscriptions, informations et contact:&nbsp;<\/strong><\/p>\n\n\n\n<p><a href=\"mailto:philomene@phigall.be\">philomene@phigall.be<\/a>&nbsp;&#8211;&nbsp;<a href=\"http:\/\/www.phigall.be\/\">www.phigall.be<\/a>&nbsp;&#8211; 0477 17 38 81<\/p>\n\n\n\n<p><\/p>\n\n\n\n<h5 id=\"block-08cd08d9-28fe-492e-940d-c3d42824c9f4\"><a rel=\"noreferrer noopener\" href=\"https:\/\/mufim.tournai.be\/agenda-du-mufim\/visite-guidee-recherche-en-cours-femmes-daffaires-a-tournai-xixe-xxe-siecles-1\" target=\"_blank\">Visite-Conf\u00e9rence &#8220;Jouer! Une histoire d&#8217;enfance&#8221;<\/a> &#8211; familles &#8211; MuFIm &#8211; Tournai<\/h5>\n\n\n\n<p id=\"block-33eb13d8-9a1a-4671-9269-f108a8768e90\">Depuis toujours, le jeu fait pleinement partie de l&#8217;enfance. Jeux libres, jeux de soci\u00e9t\u00e9, jeux d&#8217;imitation, jeux ext\u00e9rieurs, jeux collectifs, jeux solitaires, jeux en bois, jeux coop\u00e9ratifs, d&#8217;apprentissage, jeux de filles, jeux de gar\u00e7ons&#8230;&nbsp; Quelle que soit sa forme, le jeu fa\u00e7onne l&#8217;identit\u00e9 de l&#8217;enfant et sa mani\u00e8re d&#8217;\u00eatre au monde. Il est aussi une reproduction miniature de la soci\u00e9t\u00e9 dans laquelle il \u00e9volue. \u00c0 partir de la collection de jeux des 19<sup>e<\/sup>&nbsp;et 20<sup>e<\/sup>&nbsp;si\u00e8cles du MuFIm, Philom\u00e8ne Gallez interroge le jeu et ce qu&#8217;il d\u00e9voile de notre histoire partag\u00e9e.<\/p>\n\n\n\n<p id=\"block-6a629554-b5f3-496b-b47f-74e314146e25\">Samedi <strong>29 novembre<\/strong> \u00e0 15h00<\/p>\n\n\n\n<p id=\"block-c0b012ac-c85d-4a7c-9a5e-f9433ecfb4ab\">5euro\/personne<\/p>\n\n\n\n<p id=\"block-f09e7a01-f9f1-4299-a234-81179100257c\">Mus\u00e9e du Folklore et des Imaginaires &#8211; R\u00e9duit des Sions 36 &#8211; 7500 Tournai<\/p>\n\n\n\n<p><\/p>\n\n\n\n<h5 id=\"block-21751ec7-8cf4-4559-b093-0b789aa84b28\"><a rel=\"noreferrer noopener\" href=\"https:\/\/www.mouvance-asbl.be\/cie-air-neuf\" target=\"_blank\">Compagnie Air Neuf<\/a> &#8211; Adultes &#8211; Charleroi<\/h5>\n\n\n\n<p id=\"block-f7934b23-0106-4df1-9f10-6eebf838b5b3\">La Compagnie AirNeuf &#8211; <a rel=\"noreferrer noopener\" href=\"https:\/\/www.mouvance-asbl.be\" target=\"_blank\">de l&#8217;asbl Mouvance<\/a> &#8211; est une compagnie de danse pour amateurs. Elle se con\u00e7oit comme un terrain de d\u00e9veloppement et d\u2019expression d\u2019une conscience citoyenne. L\u2019objectif est de cr\u00e9er, par le biais de la danse, une v\u00e9ritable collectivit\u00e9 investie dans une d\u00e9marche de citoyennet\u00e9 active.&nbsp;Destin\u00e9e aux filles et gar\u00e7ons, ronds et minces, novices et mordus, et sans limite d\u2019\u00e2ge, la danse contemporaine a la vertu de rassembler les gens et les genres.&nbsp;C\u2019est par ce biais, qu\u2019ensemble, les membres du collectif sont invit\u00e9s \u00e0 s\u2019engager dans une r\u00e9flexion citoyennne et la cr\u00e9ation d\u2019actions artistiques publiques. Bienvenue!<\/p>\n\n\n\n<p id=\"block-feb495f5-b22a-4ed8-888a-5c9ba7132dc9\">2 dimanche\/mois<\/p>\n\n\n\n<p id=\"block-b8543321-e2c1-4fd8-ae22-8c5547eb7dcd\">Gratuit<\/p>\n\n\n\n<p id=\"block-f6ef8012-1e23-4e38-b1e6-679d1c217e54\"><strong>MOC CHARLEROI-THUIN<\/strong>&nbsp;&#8211;&nbsp;Boulevard Tirou, 167 &#8211;&nbsp;6000 Charleroi<\/p>\n\n\n\n<p><\/p>\n\n\n\n<p style=\"font-size:25px\"><a rel=\"noreferrer noopener\" href=\"https:\/\/rencartaguignies.wixsite.com\/rencartaguignies\" target=\"_blank\">Renc&#8217;art \u00e0 Guignies<\/a> &#8211; Familial &#8211; Guignies<\/p>\n\n\n\n<p><strong>Nous organisons pour la 6\u00e8me ann\u00e9e, notre Renc&#8217;Art \u00e0 Guignies dans le cadre d&#8217;Art d&#8217; dans la ville de Tournai.<\/strong><\/p>\n\n\n\n<p><strong>Les artistes investissent les d\u00e9pendances de l&#8217;ancienne ferme brasserie pour pr\u00e9parer l&#8217;expo qui commence du 27 septembre jusqu&#8217;au 26 octobre.<\/strong><\/p>\n\n\n\n<p><strong>L&#8217;expo sera ouverte au public tous les week-end de 11 heures \u00e0 18 heures ainsi que pendant les \u00e9v\u00e8nements (et sur RDV).<\/strong><\/p>\n\n\n\n<p><em>Un \u00e9quilibre qui tient \u00e0 un fil, une chute, un balancier, un souffle qui fait tout bouger, un concept fragile, un questionnement libert\u00e9-\u00e9quit\u00e9, du juste milieu &#8230; de quoi vous r\u00e9-\u00e9quilibrer par le biais de l\u2019Art.<\/em><\/p>\n\n\n\n<p><em>Les \u0153uvres, les installations dans l\u2019ancienne ferme brasserie ALLARD-GROETEMBRIEL vous offrent ce regard d\u2019une quinzaine artistes plasticiens en art textile, collage, c\u00e9ramique, peinture &#8230;<\/em><\/p>\n\n\n\n<p><strong>Ferme ALLARD : 30 rue de la brasserie &#8211; 7620 GUIGNIES (B)<\/strong><\/p>\n\n\n\n<p><\/p>\n\n\n\n<p class=\"has-text-align-center\">Des projets? Des souhaits? <a href=\"http:\/\/phigall.be\/index.php\/contact\/\">Contactez-moi!<\/a><\/p>\n","protected":false},"excerpt":{"rendered":"<p>Mardi 10-12h Danse Cr\u00e9ative &#8211; AdultesP\u00e9ruwelz Mercredi 10-12hFil &#8211; AdultesP\u00e9ruwelz 18-20hLire, \u00c9crire, Partager &#8211; AdultesTournai Jeudi 10-12hDanse cr\u00e9ative et BMC\u00ae &#8211; AdultesTournai Samedi 15hVisites-Conf\u00e9rences &#8211; FamillesTournai 11-18hRenc&#8217;Art \u00e0 Guignies \/ OctobreGuignies Dimanche 10h30-16h30Compagnie Air Neuf &#8211; AdultesCharleroi 11h-18hRenc&#8217;Art \u00e0 Guignies \/ OctobreGuignies Atelier Danse cr\u00e9ative &#8211; Adultes &#8211; Arr\u00eat 59 &#8211; P\u00e9ruwelz Inspir\u00e9 de diverses [&hellip;]<\/p>\n","protected":false},"author":1,"featured_media":0,"parent":0,"menu_order":0,"comment_status":"closed","ping_status":"closed","template":"","meta":{"hide_page_title":""},"_links":{"self":[{"href":"https:\/\/phigall.be\/index.php\/wp-json\/wp\/v2\/pages\/502"}],"collection":[{"href":"https:\/\/phigall.be\/index.php\/wp-json\/wp\/v2\/pages"}],"about":[{"href":"https:\/\/phigall.be\/index.php\/wp-json\/wp\/v2\/types\/page"}],"author":[{"embeddable":true,"href":"https:\/\/phigall.be\/index.php\/wp-json\/wp\/v2\/users\/1"}],"replies":[{"embeddable":true,"href":"https:\/\/phigall.be\/index.php\/wp-json\/wp\/v2\/comments?post=502"}],"version-history":[{"count":8,"href":"https:\/\/phigall.be\/index.php\/wp-json\/wp\/v2\/pages\/502\/revisions"}],"predecessor-version":[{"id":552,"href":"https:\/\/phigall.be\/index.php\/wp-json\/wp\/v2\/pages\/502\/revisions\/552"}],"wp:attachment":[{"href":"https:\/\/phigall.be\/index.php\/wp-json\/wp\/v2\/media?parent=502"}],"curies":[{"name":"wp","href":"https:\/\/api.w.org\/{rel}","templated":true}]}}