{"id":518,"date":"2025-09-24T17:54:51","date_gmt":"2025-09-24T15:54:51","guid":{"rendered":"http:\/\/phigall.be\/?page_id=518"},"modified":"2025-10-01T15:16:46","modified_gmt":"2025-10-01T13:16:46","slug":"bmc-et-creativite","status":"publish","type":"page","link":"https:\/\/phigall.be\/index.php\/bmc-et-creativite\/","title":{"rendered":"Danse et BMC\u00ae"},"content":{"rendered":"\n<div class=\"wp-block-group has-quaternary-background-color has-background\"><div class=\"wp-block-group__inner-container\">\n<pre class=\"wp-block-preformatted\"><strong><em>Viens comprendre, danser, explorer, cr\u00e9er&nbsp;\u2026<\/em><\/strong>\n<strong>par la pratique du BodyMindCentering\u00ae<\/strong>\n\nLa pratique du BodyMindCentering\u00ae est un outil formidable de connaissance de soi, de notre relation aux autres et \u00e0 notre environnement et un terreau fertile pour d\u00e9velopper notre cr\u00e9ativit\u00e9.&nbsp;\n\nEn croisant l\u2019improvisation dans\u00e9e guid\u00e9e, le toucher, l\u2019imaginaire et les atlas d\u2019anatomie, de physiologie et d\u2019embryologie, nous d\u00e9couvrons les diff\u00e9rents syst\u00e8mes de notre corps et leur d\u00e9veloppement. Nous nous mettons en mouvement par nos os, nos ligaments, nos fascias, nos muscles, nos organes, nos fluides, nos glandes endocrines, notre syst\u00e8me nerveux ou nos sens. Selon l\u2019attention que nous portons sur l\u2019un ou l\u2019autre de ces \u00e9l\u00e9ments, nos mouvements se pr\u00e9cisent autant qu\u2019ils se diversifient. Nous pouvons aussi revenir \u00e0 l\u2019origine de ces mouvements, conscientiser nos habitudes et choisir d\u2019\u00e9largir nos possibles. Nos corps en mouvement, quels qu\u2019ils soient, sont fabuleux et riches d\u2019enseignement&nbsp;!\n\nCon\u00e7u par Bonnie Bainbridge Cohen aux \u00c9tats-Unis dans les ann\u00e9es 1980 et li\u00e9 au d\u00e9veloppement du Contact Improvisation, le&nbsp;BodyMindCentering\u00ae appartient au tr\u00e8s large&nbsp;champ de l\u2019\u00e9ducation somatique. En ce sens, elle rejoint l\u2019ensemble des m\u00e9thodes qui travaillent \u00e0 partir des corps v\u00e9cus pour \u00e9largir le sens et la conscience de soi, des autres et de nos environnements.\n\nAu fil du temps, selon nos d\u00e9couvertes et les \u00e9lans qui na\u00eetront de notre pratique du BMC\u00ae, le groupe pourra entrer dans une d\u00e9marche cr\u00e9ative et d\u2019expression citoyenne.<\/pre>\n\n\n\n<p><\/p>\n<\/div><\/div>\n\n\n\n<p>Les jeudi, 10-12h, Hall des Sports, Tournai<\/p>\n\n\n\n<p>18 septembre, 16 octobre, 20 novembre, 2 d\u00e9cembre &#8211;\u00a0<em>Sentir, Ressentir, Agir<\/em><\/p>\n\n\n\n<p>15 janvier, 5 f\u00e9vrier, 19 mars, 16 avril, 21 mai, 18 juin &#8211;\u00a0<em>Ce que nous sommes<\/em><\/p>\n\n\n\n<p><\/p>\n\n\n\n<p>Informations et Contact:&nbsp;<a href=\"mailto:philomene@phigall.be\">philomene@phigall.be<\/a>&nbsp;&#8211;&nbsp;<a href=\"http:\/\/www.phigall.be\/\">www.phigall.be<\/a>&nbsp;&#8211; 0032 477 17 38 81<\/p>\n\n\n\n<p>Les ateliers sont ouverts \u00e0 tous et toutes et chaque cycle peut \u00eatre rejoint s\u00e9par\u00e9ment. La premi\u00e8re s\u00e9ance est ouverte \u00e0 l\u2019essai.<\/p>\n\n\n\n<figure class=\"wp-block-image size-large\"><img loading=\"lazy\" width=\"1024\" height=\"596\" src=\"http:\/\/phigall.be\/wp-content\/uploads\/2025\/09\/DSC02975-copie-1024x596.jpg\" alt=\"\" class=\"wp-image-527\" srcset=\"https:\/\/phigall.be\/wp-content\/uploads\/2025\/09\/DSC02975-copie-1024x596.jpg 1024w, https:\/\/phigall.be\/wp-content\/uploads\/2025\/09\/DSC02975-copie-300x174.jpg 300w, https:\/\/phigall.be\/wp-content\/uploads\/2025\/09\/DSC02975-copie-768x447.jpg 768w, https:\/\/phigall.be\/wp-content\/uploads\/2025\/09\/DSC02975-copie-1536x893.jpg 1536w, https:\/\/phigall.be\/wp-content\/uploads\/2025\/09\/DSC02975-copie-2048x1191.jpg 2048w\" sizes=\"(max-width: 1024px) 100vw, 1024px\" \/><\/figure>\n","protected":false},"excerpt":{"rendered":"<p>Les jeudi, 10-12h, Hall des Sports, Tournai 18 septembre, 16 octobre, 20 novembre, 2 d\u00e9cembre &#8211;\u00a0Sentir, Ressentir, Agir 15 janvier, 5 f\u00e9vrier, 19 mars, 16 avril, 21 mai, 18 juin &#8211;\u00a0Ce que nous sommes Informations et Contact:&nbsp;philomene@phigall.be&nbsp;&#8211;&nbsp;www.phigall.be&nbsp;&#8211; 0032 477 17 38 81 Les ateliers sont ouverts \u00e0 tous et toutes et chaque cycle peut \u00eatre [&hellip;]<\/p>\n","protected":false},"author":1,"featured_media":0,"parent":0,"menu_order":0,"comment_status":"closed","ping_status":"closed","template":"","meta":{"hide_page_title":""},"_links":{"self":[{"href":"https:\/\/phigall.be\/index.php\/wp-json\/wp\/v2\/pages\/518"}],"collection":[{"href":"https:\/\/phigall.be\/index.php\/wp-json\/wp\/v2\/pages"}],"about":[{"href":"https:\/\/phigall.be\/index.php\/wp-json\/wp\/v2\/types\/page"}],"author":[{"embeddable":true,"href":"https:\/\/phigall.be\/index.php\/wp-json\/wp\/v2\/users\/1"}],"replies":[{"embeddable":true,"href":"https:\/\/phigall.be\/index.php\/wp-json\/wp\/v2\/comments?post=518"}],"version-history":[{"count":6,"href":"https:\/\/phigall.be\/index.php\/wp-json\/wp\/v2\/pages\/518\/revisions"}],"predecessor-version":[{"id":554,"href":"https:\/\/phigall.be\/index.php\/wp-json\/wp\/v2\/pages\/518\/revisions\/554"}],"wp:attachment":[{"href":"https:\/\/phigall.be\/index.php\/wp-json\/wp\/v2\/media?parent=518"}],"curies":[{"name":"wp","href":"https:\/\/api.w.org\/{rel}","templated":true}]}}