{"id":524,"date":"2025-09-24T17:52:00","date_gmt":"2025-09-24T15:52:00","guid":{"rendered":"http:\/\/phigall.be\/?page_id=524"},"modified":"2025-09-24T18:04:57","modified_gmt":"2025-09-24T16:04:57","slug":"danse-creative","status":"publish","type":"page","link":"https:\/\/phigall.be\/index.php\/danse-creative\/","title":{"rendered":"Danse cr\u00e9ative"},"content":{"rendered":"\n<pre id=\"block-a867b24f-28b6-4c9c-8215-b32255735eca\" class=\"wp-block-preformatted\">En danse cr\u00e9ative, je pose deux choix:<br><em><strong>Le choix de la libert\u00e9<\/strong><br><strong>Le choix de la forme de danse la plus libre: l'improvisation<\/strong><\/em><br><br><em>La libert\u00e9 de suivre une consigne, <br>La libert\u00e9 de s'en inspirer et de s'en \u00e9loigner, <br>Pour explorer son propre chemin, parmi les \u00eatres qui nous entourent, au coeur d'un environnement proche et lointain.<br><\/em><br><em>La libert\u00e9 de se mouvoir, <br>La libert\u00e9 de rester immobile - de regarder, <br><\/em><br><em>La libert\u00e9 d'\u00eatre l\u00e0, pleinement<br>Dans ce que nous sommes ici et maintenant.<br><\/em><br><em>La libert\u00e9 comme fondement de la cr\u00e9ativit\u00e9.<br>Il en ressort toujours des p\u00e9pites<\/em>!<\/pre>\n\n\n\n<h5 id=\"block-af389dc9-0bac-4116-a723-fcf90c31b32e\"><a href=\"https:\/\/www.arr\u00eat59.be\/atelier\/danse-creative-2\/\" target=\"_blank\" rel=\"noreferrer noopener\">Atelier Danse cr\u00e9ative<\/a> &#8211; Adultes &#8211; Arr\u00eat 59 &#8211; P\u00e9ruwelz<\/h5>\n\n\n\n<p id=\"block-d405b95e-1574-47b4-bb29-c63920509ba9\">Inspir\u00e9 de diverses techniques de mise en mouvement libre, l\u2019atelier de danse cr\u00e9ative se veut laboratoire artistique sur la th\u00e9matique du \u00ab&nbsp;Temps&nbsp;\u00bb avec la danse comme moyen d\u2019expression.<br>Envie de bouger, d\u2019improviser, de partager et de cr\u00e9er nos propres danses, individuelles et collectives, en toute bienveillance ?<br>Bienvenue !<br>Aucun pr\u00e9requis n\u00e9cessaire.<\/p>\n\n\n\n<p id=\"block-aa8f346f-1071-4607-8cec-c7f037701a42\">Mardi, 10-12h<\/p>\n\n\n\n<p id=\"block-0959e73f-bb6f-4bce-a71b-b9d8cc2d4ab8\">160 euros<\/p>\n\n\n\n<p id=\"block-69d1e76e-cf85-4c93-a1b5-a572fe333698\">Arr\u00eat 59 &#8211; Centre culturel, 59, Rue des Fran\u00e7ais -7600 P\u00e9ruwelz<\/p>\n\n\n\n<figure class=\"wp-block-image size-large\"><img loading=\"lazy\" width=\"1024\" height=\"768\" src=\"http:\/\/phigall.be\/wp-content\/uploads\/2025\/09\/20241012_172705-1024x768.jpg\" alt=\"\" class=\"wp-image-533\" srcset=\"https:\/\/phigall.be\/wp-content\/uploads\/2025\/09\/20241012_172705-1024x768.jpg 1024w, https:\/\/phigall.be\/wp-content\/uploads\/2025\/09\/20241012_172705-300x225.jpg 300w, https:\/\/phigall.be\/wp-content\/uploads\/2025\/09\/20241012_172705-768x576.jpg 768w, https:\/\/phigall.be\/wp-content\/uploads\/2025\/09\/20241012_172705-1536x1152.jpg 1536w, https:\/\/phigall.be\/wp-content\/uploads\/2025\/09\/20241012_172705-2048x1536.jpg 2048w\" sizes=\"(max-width: 1024px) 100vw, 1024px\" \/><\/figure>\n","protected":false},"excerpt":{"rendered":"<p>En danse cr\u00e9ative, je pose deux choix:Le choix de la libert\u00e9Le choix de la forme de danse la plus libre: l&#8217;improvisationLa libert\u00e9 de suivre une consigne, La libert\u00e9 de s&#8217;en inspirer et de s&#8217;en \u00e9loigner, Pour explorer son propre chemin, parmi les \u00eatres qui nous entourent, au coeur d&#8217;un environnement proche et lointain.La libert\u00e9 de [&hellip;]<\/p>\n","protected":false},"author":1,"featured_media":0,"parent":0,"menu_order":0,"comment_status":"closed","ping_status":"closed","template":"","meta":{"hide_page_title":""},"_links":{"self":[{"href":"https:\/\/phigall.be\/index.php\/wp-json\/wp\/v2\/pages\/524"}],"collection":[{"href":"https:\/\/phigall.be\/index.php\/wp-json\/wp\/v2\/pages"}],"about":[{"href":"https:\/\/phigall.be\/index.php\/wp-json\/wp\/v2\/types\/page"}],"author":[{"embeddable":true,"href":"https:\/\/phigall.be\/index.php\/wp-json\/wp\/v2\/users\/1"}],"replies":[{"embeddable":true,"href":"https:\/\/phigall.be\/index.php\/wp-json\/wp\/v2\/comments?post=524"}],"version-history":[{"count":3,"href":"https:\/\/phigall.be\/index.php\/wp-json\/wp\/v2\/pages\/524\/revisions"}],"predecessor-version":[{"id":535,"href":"https:\/\/phigall.be\/index.php\/wp-json\/wp\/v2\/pages\/524\/revisions\/535"}],"wp:attachment":[{"href":"https:\/\/phigall.be\/index.php\/wp-json\/wp\/v2\/media?parent=524"}],"curies":[{"name":"wp","href":"https:\/\/api.w.org\/{rel}","templated":true}]}}