{"id":529,"date":"2025-09-24T18:02:32","date_gmt":"2025-09-24T16:02:32","guid":{"rendered":"http:\/\/phigall.be\/?page_id=529"},"modified":"2025-09-24T18:12:59","modified_gmt":"2025-09-24T16:12:59","slug":"danse-engagee","status":"publish","type":"page","link":"https:\/\/phigall.be\/index.php\/danse-engagee\/","title":{"rendered":"Danse engag\u00e9e"},"content":{"rendered":"\n<div class=\"wp-block-group\"><div class=\"wp-block-group__inner-container\">\n<div class=\"wp-block-group\"><div class=\"wp-block-group__inner-container\">\n<pre class=\"wp-block-preformatted\">La danse est un outil d'expression\nUn outil d'expression de soi, de nos id\u00e9es, de nos liens;\nEt donc aussi in\u00e9vitablement un outil d'expression de positions engag\u00e9es sur nos soci\u00e9t\u00e9s.\n\nLa danse comme outil d'\u00e9ducation permanente et d'expression citoyenne.<\/pre>\n<\/div><\/div>\n<\/div><\/div>\n\n\n\n<h5 id=\"block-1e714fd4-0456-427e-b4c1-c5434c638297\"><a rel=\"noreferrer noopener\" href=\"https:\/\/www.mouvance-asbl.be\/cie-air-neuf\" target=\"_blank\">Compagnie Air Neuf<\/a> &#8211; Adultes &#8211; Charleroi<\/h5>\n\n\n\n<p id=\"block-d974158b-aa55-45de-972b-ef4c35516de0\">La Compagnie AirNeuf &#8211; <a rel=\"noreferrer noopener\" href=\"https:\/\/www.mouvance-asbl.be\" target=\"_blank\">de l&#8217;asbl Mouvance<\/a> &#8211; est une compagnie de danse pour amateurs. Elle se con\u00e7oit comme un terrain de d\u00e9veloppement et d\u2019expression d\u2019une conscience citoyenne. L\u2019objectif est de cr\u00e9er, par le biais de la danse, une v\u00e9ritable collectivit\u00e9 investie dans une d\u00e9marche de citoyennet\u00e9 active.&nbsp;Destin\u00e9e aux filles et gar\u00e7ons, ronds et minces, novices et mordus, et sans limite d\u2019\u00e2ge, la danse contemporaine a la vertu de rassembler les gens et les genres.&nbsp;C\u2019est par ce biais, qu\u2019ensemble, les membres du collectif sont invit\u00e9s \u00e0 s\u2019engager dans une r\u00e9flexion citoyennne et la cr\u00e9ation d\u2019actions artistiques publiques. Bienvenue!<\/p>\n\n\n\n<p id=\"block-8ab22c7c-13fd-4ca8-b92f-0ca0d805185f\">2 dimanche\/mois<\/p>\n\n\n\n<p id=\"block-12d0b86b-3cec-4958-b73d-cc3c644717c5\">Gratuit<\/p>\n\n\n\n<p id=\"block-fdbbf6e8-46fd-44bf-96b6-ab2a4dc83751\"><strong>MOC CHARLEROI-THUIN<\/strong>&nbsp;&#8211;&nbsp;Boulevard Tirou, 167 &#8211;&nbsp;6000 Charleroi<\/p>\n\n\n\n<figure class=\"wp-block-image size-large\"><img loading=\"lazy\" width=\"1024\" height=\"576\" src=\"http:\/\/phigall.be\/wp-content\/uploads\/2025\/09\/P7250963-1024x576.jpg\" alt=\"\" class=\"wp-image-530\" srcset=\"https:\/\/phigall.be\/wp-content\/uploads\/2025\/09\/P7250963-1024x576.jpg 1024w, https:\/\/phigall.be\/wp-content\/uploads\/2025\/09\/P7250963-300x169.jpg 300w, https:\/\/phigall.be\/wp-content\/uploads\/2025\/09\/P7250963-768x432.jpg 768w, https:\/\/phigall.be\/wp-content\/uploads\/2025\/09\/P7250963-1536x864.jpg 1536w, https:\/\/phigall.be\/wp-content\/uploads\/2025\/09\/P7250963-2048x1152.jpg 2048w\" sizes=\"(max-width: 1024px) 100vw, 1024px\" \/><\/figure>\n","protected":false},"excerpt":{"rendered":"<p>Compagnie Air Neuf &#8211; Adultes &#8211; Charleroi La Compagnie AirNeuf &#8211; de l&#8217;asbl Mouvance &#8211; est une compagnie de danse pour amateurs. Elle se con\u00e7oit comme un terrain de d\u00e9veloppement et d\u2019expression d\u2019une conscience citoyenne. L\u2019objectif est de cr\u00e9er, par le biais de la danse, une v\u00e9ritable collectivit\u00e9 investie dans une d\u00e9marche de citoyennet\u00e9 active.&nbsp;Destin\u00e9e [&hellip;]<\/p>\n","protected":false},"author":1,"featured_media":0,"parent":0,"menu_order":0,"comment_status":"closed","ping_status":"closed","template":"","meta":{"hide_page_title":""},"_links":{"self":[{"href":"https:\/\/phigall.be\/index.php\/wp-json\/wp\/v2\/pages\/529"}],"collection":[{"href":"https:\/\/phigall.be\/index.php\/wp-json\/wp\/v2\/pages"}],"about":[{"href":"https:\/\/phigall.be\/index.php\/wp-json\/wp\/v2\/types\/page"}],"author":[{"embeddable":true,"href":"https:\/\/phigall.be\/index.php\/wp-json\/wp\/v2\/users\/1"}],"replies":[{"embeddable":true,"href":"https:\/\/phigall.be\/index.php\/wp-json\/wp\/v2\/comments?post=529"}],"version-history":[{"count":3,"href":"https:\/\/phigall.be\/index.php\/wp-json\/wp\/v2\/pages\/529\/revisions"}],"predecessor-version":[{"id":540,"href":"https:\/\/phigall.be\/index.php\/wp-json\/wp\/v2\/pages\/529\/revisions\/540"}],"wp:attachment":[{"href":"https:\/\/phigall.be\/index.php\/wp-json\/wp\/v2\/media?parent=529"}],"curies":[{"name":"wp","href":"https:\/\/api.w.org\/{rel}","templated":true}]}}