{"id":56,"date":"2020-02-05T11:36:39","date_gmt":"2020-02-05T10:36:39","guid":{"rendered":"http:\/\/phigall.be\/?page_id=56"},"modified":"2025-09-24T18:18:29","modified_gmt":"2025-09-24T16:18:29","slug":"histoire","status":"publish","type":"page","link":"https:\/\/phigall.be\/index.php\/histoire\/","title":{"rendered":"Histoire."},"content":{"rendered":"\n<pre class=\"wp-block-preformatted\">Vos souvenirs sont comme les pi\u00e8ces d'un puzzle:\nfaits pour \u00eatre retrouv\u00e9s, assembl\u00e9s et partag\u00e9s!<\/pre>\n\n\n\n<pre class=\"wp-block-preformatted\">Qui se souvient de l\u2019endroit pr\u00e9cis \no\u00f9 il\/elle \u00e9tait le 11 septembre 2001? \nLe jour o\u00f9 l\u2019homme a march\u00e9 sur la lune? \nLe jour du d\u00e9but de la gr\u00e8ve des femmes de la FN Herstal&nbsp;? \nQui se souvient du temps sans internet&nbsp;?&nbsp;\nQui se souvient du bio sans \"bio\"? \nRaconter sa propre histoire, \nc\u2019est s\u2019inscrire dans notre histoire commune. <\/pre>\n\n\n\n<pre class=\"wp-block-preformatted\">Sous la forme d'ateliers, \nde rencontres individuelles ou collectives, \nde groupes de lecture, de collaboration;\n\nPour relater une histoire de vie ou d\u2019un \u00e9v\u00e9nement; \n\nPour r\u00e9diger un carnet intime ou des m\u00e9moires officiels, \nun \u00e9crit ou une exposition;\n\nil suffit d'un lieu propice \no\u00f9 les souvenirs peuvent \u00e9merger, \ns\u2019accrocher librement \u00e0 la m\u00e9moire, \nse transmettre et traverser le temps.<\/pre>\n\n\n\n<p><em>\u00ab Si je fouine dans le pass\u00e9, c\u2019est aussi pour m\u2019ancrer dans le pr\u00e9sent et imaginer l\u2019avenir. \u00bb<\/em><\/p>\n\n\n\n<div class=\"wp-block-image\"><figure class=\"aligncenter size-large is-resized\"><img loading=\"lazy\" src=\"http:\/\/phigall.be\/wp-content\/uploads\/2020\/02\/10801953_10152365490246954_6057860146752225973_n.jpg\" alt=\"\" class=\"wp-image-146\" width=\"414\" height=\"276\" srcset=\"https:\/\/phigall.be\/wp-content\/uploads\/2020\/02\/10801953_10152365490246954_6057860146752225973_n.jpg 960w, https:\/\/phigall.be\/wp-content\/uploads\/2020\/02\/10801953_10152365490246954_6057860146752225973_n-300x200.jpg 300w, https:\/\/phigall.be\/wp-content\/uploads\/2020\/02\/10801953_10152365490246954_6057860146752225973_n-768x512.jpg 768w\" sizes=\"(max-width: 414px) 100vw, 414px\" \/><\/figure><\/div>\n\n\n\n<p class=\"has-text-align-center\">Des projets? Des souhaits? <a href=\"http:\/\/phigall.be\/index.php\/contact\/\">Contactez-moi! <\/a><\/p>\n\n\n\n<p><\/p>\n\n\n\n<h5 id=\"block-08cd08d9-28fe-492e-940d-c3d42824c9f4\"><a rel=\"noreferrer noopener\" href=\"https:\/\/mufim.tournai.be\/agenda-du-mufim\/visite-guidee-recherche-en-cours-femmes-daffaires-a-tournai-xixe-xxe-siecles-1\" target=\"_blank\">Visite-Conf\u00e9rence &#8220;Jouer! Une histoire d&#8217;enfance&#8221;<\/a> &#8211; familles &#8211; MuFIm &#8211; Tournai<\/h5>\n\n\n\n<p id=\"block-33eb13d8-9a1a-4671-9269-f108a8768e90\">Depuis toujours, le jeu fait pleinement partie de l&#8217;enfance. Jeux libres, jeux de soci\u00e9t\u00e9, jeux d&#8217;imitation, jeux ext\u00e9rieurs, jeux collectifs, jeux solitaires, jeux en bois, jeux coop\u00e9ratifs, d&#8217;apprentissage, jeux de filles, jeux de gar\u00e7ons&#8230;&nbsp; Quelle que soit sa forme, le jeu fa\u00e7onne l&#8217;identit\u00e9 de l&#8217;enfant et sa mani\u00e8re d&#8217;\u00eatre au monde. Il est aussi une reproduction miniature de la soci\u00e9t\u00e9 dans laquelle il \u00e9volue. \u00c0 partir de la collection de jeux des 19<sup>e<\/sup>&nbsp;et 20<sup>e<\/sup>&nbsp;si\u00e8cles du MuFIm, Philom\u00e8ne Gallez interroge le jeu et ce qu&#8217;il d\u00e9voile de notre histoire partag\u00e9e.<\/p>\n\n\n\n<p id=\"block-6a629554-b5f3-496b-b47f-74e314146e25\">Samedi <strong>29 novembre<\/strong> \u00e0 15h00<\/p>\n\n\n\n<p id=\"block-c0b012ac-c85d-4a7c-9a5e-f9433ecfb4ab\">5euro\/personne<\/p>\n\n\n\n<p id=\"block-f09e7a01-f9f1-4299-a234-81179100257c\">Mus\u00e9e du Folklore et des Imaginaires &#8211; R\u00e9duit des Sions 36 &#8211; 7500 Tournai<\/p>\n","protected":false},"excerpt":{"rendered":"<p>Vos souvenirs sont comme les pi\u00e8ces d&#8217;un puzzle: faits pour \u00eatre retrouv\u00e9s, assembl\u00e9s et partag\u00e9s! Qui se souvient de l\u2019endroit pr\u00e9cis o\u00f9 il\/elle \u00e9tait le 11 septembre 2001? Le jour o\u00f9 l\u2019homme a march\u00e9 sur la lune? Le jour du d\u00e9but de la gr\u00e8ve des femmes de la FN Herstal&nbsp;? Qui se souvient du temps [&hellip;]<\/p>\n","protected":false},"author":1,"featured_media":0,"parent":0,"menu_order":0,"comment_status":"closed","ping_status":"closed","template":"","meta":{"hide_page_title":""},"_links":{"self":[{"href":"https:\/\/phigall.be\/index.php\/wp-json\/wp\/v2\/pages\/56"}],"collection":[{"href":"https:\/\/phigall.be\/index.php\/wp-json\/wp\/v2\/pages"}],"about":[{"href":"https:\/\/phigall.be\/index.php\/wp-json\/wp\/v2\/types\/page"}],"author":[{"embeddable":true,"href":"https:\/\/phigall.be\/index.php\/wp-json\/wp\/v2\/users\/1"}],"replies":[{"embeddable":true,"href":"https:\/\/phigall.be\/index.php\/wp-json\/wp\/v2\/comments?post=56"}],"version-history":[{"count":21,"href":"https:\/\/phigall.be\/index.php\/wp-json\/wp\/v2\/pages\/56\/revisions"}],"predecessor-version":[{"id":546,"href":"https:\/\/phigall.be\/index.php\/wp-json\/wp\/v2\/pages\/56\/revisions\/546"}],"wp:attachment":[{"href":"https:\/\/phigall.be\/index.php\/wp-json\/wp\/v2\/media?parent=56"}],"curies":[{"name":"wp","href":"https:\/\/api.w.org\/{rel}","templated":true}]}}