{"id":58,"date":"2020-02-05T11:42:29","date_gmt":"2020-02-05T10:42:29","guid":{"rendered":"http:\/\/phigall.be\/?page_id=58"},"modified":"2025-09-24T18:23:03","modified_gmt":"2025-09-24T16:23:03","slug":"danse","status":"publish","type":"page","link":"https:\/\/phigall.be\/index.php\/danse\/","title":{"rendered":"Danse."},"content":{"rendered":"\n<pre class=\"wp-block-preformatted\">Vous, \u00eatre pensant, \u00eates aussi un corps dansant. \nSans le savoir. Peut-\u00eatre m\u00eame surtout sans le savoir.\nSi nos gestes quotidiens sont des mouvements, \nque la danse se d\u00e9finit par des mouvements. \nNotre vie est une danse, non? \nAlors, dansons maintenant!\n\n<em>La danse est une philosophie. <\/em>\n<em>Tout mouvement, <\/em>\n<em>aussi insignifiant ou grandiose qu'il soit, <\/em>\n<em>devient une danse <\/em>\n<em>d\u00e8s qu'il existe une intention et une conscience <\/em>\n<em>pour le percevoir comme tel.&nbsp;<\/em><\/pre>\n\n\n\n<pre class=\"wp-block-preformatted\">Sous la forme d'ateliers hebdomadaires, stages, \ninterventions sur les lieux de travail, teambuilding, \nformation continue;\nEn solitaire ou en groupe, \nil suffit d'un peu de temps et d'espace \npour se sentir danser!<\/pre>\n\n\n\n<figure class=\"wp-block-gallery columns-3 is-cropped\"><ul class=\"blocks-gallery-grid\"><li class=\"blocks-gallery-item\"><figure><img loading=\"lazy\" width=\"1024\" height=\"735\" src=\"http:\/\/phigall.be\/wp-content\/uploads\/2020\/09\/cecinestpasunesortie2-1024x735.jpg\" alt=\"\" data-id=\"252\" data-link=\"http:\/\/phigall.be\/index.php\/danse\/cecinestpasunesortie2\/\" class=\"wp-image-252\" srcset=\"https:\/\/phigall.be\/wp-content\/uploads\/2020\/09\/cecinestpasunesortie2-1024x735.jpg 1024w, https:\/\/phigall.be\/wp-content\/uploads\/2020\/09\/cecinestpasunesortie2-300x215.jpg 300w, https:\/\/phigall.be\/wp-content\/uploads\/2020\/09\/cecinestpasunesortie2-768x551.jpg 768w, https:\/\/phigall.be\/wp-content\/uploads\/2020\/09\/cecinestpasunesortie2-1536x1103.jpg 1536w, https:\/\/phigall.be\/wp-content\/uploads\/2020\/09\/cecinestpasunesortie2-2048x1471.jpg 2048w\" sizes=\"(max-width: 1024px) 100vw, 1024px\" \/><\/figure><\/li><li class=\"blocks-gallery-item\"><figure><img loading=\"lazy\" width=\"1024\" height=\"732\" src=\"http:\/\/phigall.be\/wp-content\/uploads\/2020\/09\/cecinestpasunesortie3-1024x732.jpg\" alt=\"\" data-id=\"253\" data-link=\"http:\/\/phigall.be\/index.php\/danse\/cecinestpasunesortie3\/\" class=\"wp-image-253\" srcset=\"https:\/\/phigall.be\/wp-content\/uploads\/2020\/09\/cecinestpasunesortie3-1024x732.jpg 1024w, https:\/\/phigall.be\/wp-content\/uploads\/2020\/09\/cecinestpasunesortie3-300x214.jpg 300w, https:\/\/phigall.be\/wp-content\/uploads\/2020\/09\/cecinestpasunesortie3-768x549.jpg 768w, https:\/\/phigall.be\/wp-content\/uploads\/2020\/09\/cecinestpasunesortie3-1536x1098.jpg 1536w, https:\/\/phigall.be\/wp-content\/uploads\/2020\/09\/cecinestpasunesortie3-2048x1464.jpg 2048w\" sizes=\"(max-width: 1024px) 100vw, 1024px\" \/><\/figure><\/li><li class=\"blocks-gallery-item\"><figure><img loading=\"lazy\" width=\"1024\" height=\"735\" src=\"http:\/\/phigall.be\/wp-content\/uploads\/2020\/09\/cecinestpasunesortie1-1024x735.jpg\" alt=\"\" data-id=\"254\" data-link=\"http:\/\/phigall.be\/index.php\/danse\/cecinestpasunesortie1\/\" class=\"wp-image-254\" srcset=\"https:\/\/phigall.be\/wp-content\/uploads\/2020\/09\/cecinestpasunesortie1-1024x735.jpg 1024w, https:\/\/phigall.be\/wp-content\/uploads\/2020\/09\/cecinestpasunesortie1-300x215.jpg 300w, https:\/\/phigall.be\/wp-content\/uploads\/2020\/09\/cecinestpasunesortie1-768x551.jpg 768w, https:\/\/phigall.be\/wp-content\/uploads\/2020\/09\/cecinestpasunesortie1-1536x1103.jpg 1536w, https:\/\/phigall.be\/wp-content\/uploads\/2020\/09\/cecinestpasunesortie1-2048x1471.jpg 2048w\" sizes=\"(max-width: 1024px) 100vw, 1024px\" \/><\/figure><\/li><\/ul><\/figure>\n\n\n\n<figure class=\"wp-block-gallery columns-3 is-cropped\"><ul class=\"blocks-gallery-grid\"><li class=\"blocks-gallery-item\"><figure><img loading=\"lazy\" width=\"1024\" height=\"683\" src=\"http:\/\/phigall.be\/wp-content\/uploads\/2020\/09\/DSC05620-1024x683.jpg\" alt=\"\" data-id=\"271\" data-full-url=\"http:\/\/phigall.be\/wp-content\/uploads\/2020\/09\/DSC05620-scaled.jpg\" data-link=\"http:\/\/phigall.be\/index.php\/danse\/dsc05620\/\" class=\"wp-image-271\" srcset=\"https:\/\/phigall.be\/wp-content\/uploads\/2020\/09\/DSC05620-1024x683.jpg 1024w, https:\/\/phigall.be\/wp-content\/uploads\/2020\/09\/DSC05620-300x200.jpg 300w, https:\/\/phigall.be\/wp-content\/uploads\/2020\/09\/DSC05620-768x512.jpg 768w, https:\/\/phigall.be\/wp-content\/uploads\/2020\/09\/DSC05620-1536x1024.jpg 1536w, https:\/\/phigall.be\/wp-content\/uploads\/2020\/09\/DSC05620-2048x1365.jpg 2048w\" sizes=\"(max-width: 1024px) 100vw, 1024px\" \/><\/figure><\/li><li class=\"blocks-gallery-item\"><figure><img loading=\"lazy\" width=\"1024\" height=\"683\" src=\"http:\/\/phigall.be\/wp-content\/uploads\/2020\/09\/DSC05626-1024x683.jpg\" alt=\"\" data-id=\"272\" data-full-url=\"http:\/\/phigall.be\/wp-content\/uploads\/2020\/09\/DSC05626-scaled.jpg\" data-link=\"http:\/\/phigall.be\/index.php\/danse\/dsc05626\/\" class=\"wp-image-272\" srcset=\"https:\/\/phigall.be\/wp-content\/uploads\/2020\/09\/DSC05626-1024x683.jpg 1024w, https:\/\/phigall.be\/wp-content\/uploads\/2020\/09\/DSC05626-300x200.jpg 300w, https:\/\/phigall.be\/wp-content\/uploads\/2020\/09\/DSC05626-768x512.jpg 768w, https:\/\/phigall.be\/wp-content\/uploads\/2020\/09\/DSC05626-1536x1024.jpg 1536w, https:\/\/phigall.be\/wp-content\/uploads\/2020\/09\/DSC05626-2048x1365.jpg 2048w\" sizes=\"(max-width: 1024px) 100vw, 1024px\" \/><\/figure><\/li><li class=\"blocks-gallery-item\"><figure><img loading=\"lazy\" width=\"1024\" height=\"683\" src=\"http:\/\/phigall.be\/wp-content\/uploads\/2020\/09\/DSC05631-1024x683.jpg\" alt=\"\" data-id=\"273\" data-full-url=\"http:\/\/phigall.be\/wp-content\/uploads\/2020\/09\/DSC05631-scaled.jpg\" data-link=\"http:\/\/phigall.be\/index.php\/danse\/dsc05631\/\" class=\"wp-image-273\" srcset=\"https:\/\/phigall.be\/wp-content\/uploads\/2020\/09\/DSC05631-1024x683.jpg 1024w, https:\/\/phigall.be\/wp-content\/uploads\/2020\/09\/DSC05631-300x200.jpg 300w, https:\/\/phigall.be\/wp-content\/uploads\/2020\/09\/DSC05631-768x512.jpg 768w, https:\/\/phigall.be\/wp-content\/uploads\/2020\/09\/DSC05631-1536x1024.jpg 1536w, https:\/\/phigall.be\/wp-content\/uploads\/2020\/09\/DSC05631-2048x1365.jpg 2048w\" sizes=\"(max-width: 1024px) 100vw, 1024px\" \/><\/figure><\/li><\/ul><\/figure>\n\n\n\n<figure class=\"wp-block-gallery columns-3 is-cropped\"><ul class=\"blocks-gallery-grid\"><li class=\"blocks-gallery-item\"><figure><img loading=\"lazy\" width=\"1024\" height=\"683\" src=\"http:\/\/phigall.be\/wp-content\/uploads\/2020\/09\/2014-11-01-6791-1024x683.jpg\" alt=\"\" data-id=\"248\" data-link=\"http:\/\/phigall.be\/index.php\/danse\/2014-11-01-6791\/\" class=\"wp-image-248\" srcset=\"https:\/\/phigall.be\/wp-content\/uploads\/2020\/09\/2014-11-01-6791-1024x683.jpg 1024w, https:\/\/phigall.be\/wp-content\/uploads\/2020\/09\/2014-11-01-6791-300x200.jpg 300w, https:\/\/phigall.be\/wp-content\/uploads\/2020\/09\/2014-11-01-6791-768x512.jpg 768w, https:\/\/phigall.be\/wp-content\/uploads\/2020\/09\/2014-11-01-6791-1536x1025.jpg 1536w, https:\/\/phigall.be\/wp-content\/uploads\/2020\/09\/2014-11-01-6791.jpg 2048w\" sizes=\"(max-width: 1024px) 100vw, 1024px\" \/><\/figure><\/li><li class=\"blocks-gallery-item\"><figure><img loading=\"lazy\" width=\"1024\" height=\"683\" src=\"http:\/\/phigall.be\/wp-content\/uploads\/2020\/09\/2014-11-01-6788-1024x683.jpg\" alt=\"\" data-id=\"249\" data-link=\"http:\/\/phigall.be\/index.php\/danse\/2014-11-01-6788\/\" class=\"wp-image-249\" srcset=\"https:\/\/phigall.be\/wp-content\/uploads\/2020\/09\/2014-11-01-6788-1024x683.jpg 1024w, https:\/\/phigall.be\/wp-content\/uploads\/2020\/09\/2014-11-01-6788-300x200.jpg 300w, https:\/\/phigall.be\/wp-content\/uploads\/2020\/09\/2014-11-01-6788-768x512.jpg 768w, https:\/\/phigall.be\/wp-content\/uploads\/2020\/09\/2014-11-01-6788-1536x1025.jpg 1536w, https:\/\/phigall.be\/wp-content\/uploads\/2020\/09\/2014-11-01-6788.jpg 2048w\" sizes=\"(max-width: 1024px) 100vw, 1024px\" \/><\/figure><\/li><li class=\"blocks-gallery-item\"><figure><img loading=\"lazy\" width=\"1024\" height=\"683\" src=\"http:\/\/phigall.be\/wp-content\/uploads\/2020\/09\/2014-11-01-6774-1024x683.jpg\" alt=\"\" data-id=\"250\" data-link=\"http:\/\/phigall.be\/index.php\/danse\/2014-11-01-6774\/\" class=\"wp-image-250\" srcset=\"https:\/\/phigall.be\/wp-content\/uploads\/2020\/09\/2014-11-01-6774-1024x683.jpg 1024w, https:\/\/phigall.be\/wp-content\/uploads\/2020\/09\/2014-11-01-6774-300x200.jpg 300w, https:\/\/phigall.be\/wp-content\/uploads\/2020\/09\/2014-11-01-6774-768x512.jpg 768w, https:\/\/phigall.be\/wp-content\/uploads\/2020\/09\/2014-11-01-6774-1536x1025.jpg 1536w, https:\/\/phigall.be\/wp-content\/uploads\/2020\/09\/2014-11-01-6774.jpg 2048w\" sizes=\"(max-width: 1024px) 100vw, 1024px\" \/><\/figure><\/li><li class=\"blocks-gallery-item\"><figure><img loading=\"lazy\" width=\"1024\" height=\"730\" src=\"http:\/\/phigall.be\/wp-content\/uploads\/2025\/07\/Tempo-1024x730.jpg\" alt=\"\" data-id=\"507\" data-full-url=\"http:\/\/phigall.be\/wp-content\/uploads\/2025\/07\/Tempo-scaled.jpg\" data-link=\"http:\/\/phigall.be\/index.php\/danse\/tempo\/\" class=\"wp-image-507\" srcset=\"https:\/\/phigall.be\/wp-content\/uploads\/2025\/07\/Tempo-1024x730.jpg 1024w, https:\/\/phigall.be\/wp-content\/uploads\/2025\/07\/Tempo-300x214.jpg 300w, https:\/\/phigall.be\/wp-content\/uploads\/2025\/07\/Tempo-768x548.jpg 768w, https:\/\/phigall.be\/wp-content\/uploads\/2025\/07\/Tempo-1536x1095.jpg 1536w, https:\/\/phigall.be\/wp-content\/uploads\/2025\/07\/Tempo-2048x1460.jpg 2048w\" sizes=\"(max-width: 1024px) 100vw, 1024px\" \/><\/figure><\/li><\/ul><\/figure>\n\n\n\n<div class=\"wp-block-image\"><figure class=\"aligncenter size-large is-resized\"><img loading=\"lazy\" src=\"http:\/\/phigall.be\/wp-content\/uploads\/2020\/02\/Atelier-cr\u00e9ation-chor\u00e9graphique-1024x646.png\" alt=\"\" class=\"wp-image-40\" width=\"393\" height=\"248\" srcset=\"https:\/\/phigall.be\/wp-content\/uploads\/2020\/02\/Atelier-cr\u00e9ation-chor\u00e9graphique-1024x646.png 1024w, https:\/\/phigall.be\/wp-content\/uploads\/2020\/02\/Atelier-cr\u00e9ation-chor\u00e9graphique-300x189.png 300w, https:\/\/phigall.be\/wp-content\/uploads\/2020\/02\/Atelier-cr\u00e9ation-chor\u00e9graphique-768x485.png 768w, https:\/\/phigall.be\/wp-content\/uploads\/2020\/02\/Atelier-cr\u00e9ation-chor\u00e9graphique.png 1396w\" sizes=\"(max-width: 393px) 100vw, 393px\" \/><\/figure><\/div>\n\n\n\n<p class=\"has-text-align-center\">Des projets? Des souhaits? <a href=\"http:\/\/phigall.be\/index.php\/contact\/\">Contactez-moi! <\/a><\/p>\n\n\n\n<p><\/p>\n","protected":false},"excerpt":{"rendered":"<p>Vous, \u00eatre pensant, \u00eates aussi un corps dansant. Sans le savoir. Peut-\u00eatre m\u00eame surtout sans le savoir. Si nos gestes quotidiens sont des mouvements, que la danse se d\u00e9finit par des mouvements. Notre vie est une danse, non? Alors, dansons maintenant! La danse est une philosophie. Tout mouvement, aussi insignifiant ou grandiose qu&#8217;il soit, devient [&hellip;]<\/p>\n","protected":false},"author":1,"featured_media":0,"parent":0,"menu_order":0,"comment_status":"closed","ping_status":"closed","template":"","meta":{"hide_page_title":""},"_links":{"self":[{"href":"https:\/\/phigall.be\/index.php\/wp-json\/wp\/v2\/pages\/58"}],"collection":[{"href":"https:\/\/phigall.be\/index.php\/wp-json\/wp\/v2\/pages"}],"about":[{"href":"https:\/\/phigall.be\/index.php\/wp-json\/wp\/v2\/types\/page"}],"author":[{"embeddable":true,"href":"https:\/\/phigall.be\/index.php\/wp-json\/wp\/v2\/users\/1"}],"replies":[{"embeddable":true,"href":"https:\/\/phigall.be\/index.php\/wp-json\/wp\/v2\/comments?post=58"}],"version-history":[{"count":22,"href":"https:\/\/phigall.be\/index.php\/wp-json\/wp\/v2\/pages\/58\/revisions"}],"predecessor-version":[{"id":548,"href":"https:\/\/phigall.be\/index.php\/wp-json\/wp\/v2\/pages\/58\/revisions\/548"}],"wp:attachment":[{"href":"https:\/\/phigall.be\/index.php\/wp-json\/wp\/v2\/media?parent=58"}],"curies":[{"name":"wp","href":"https:\/\/api.w.org\/{rel}","templated":true}]}}